{"id":2756,"date":"2025-10-16T14:50:28","date_gmt":"2025-10-16T07:50:28","guid":{"rendered":"https:\/\/idda.co.th\/product\/kanstill-t6\/"},"modified":"2026-03-26T13:22:14","modified_gmt":"2026-03-26T06:22:14","slug":"kanstill-t6","status":"publish","type":"product","link":"https:\/\/idda.co.th\/en\/product\/kanstill-t6\/","title":{"rendered":"KANSTILL T6"},"content":{"rendered":"<h3 class=\"section-title\">Specifications<\/h3>\n<table class=\"spec-table\">\n<tr>\n<td><strong>Model<\/strong><\/td>\n<td>T6<\/td>\n<\/tr>\n<tr>\n<td><strong>Stroke X\/Y\/Z<\/strong><\/td>\n<td>600 \/ 400 \/ 330 mm<\/td>\n<\/tr>\n<tr>\n<td><strong>Distance From Spindle End Face To Table<\/strong><\/td>\n<td>150 &#8211; 480 mm<\/td>\n<\/tr>\n<tr>\n<td><strong>Distance From Spindle Center To Column Guide Rail Surface<\/strong><\/td>\n<td>464 mm<\/td>\n<\/tr>\n<tr>\n<td><strong>Table Size<\/strong><\/td>\n<td>700 \u00d7 420 mm<\/td>\n<\/tr>\n<tr>\n<td><strong>Max Loading<\/strong><\/td>\n<td>200 kg<\/td>\n<\/tr>\n<tr>\n<td><strong>T-slots (N \u00d7 width \u00d7 space)<\/strong><\/td>\n<td>3 \u00d7 14 \u00d7 125<\/td>\n<\/tr>\n<tr>\n<td><strong>Taper<\/strong><\/td>\n<td>BT30<\/td>\n<\/tr>\n<tr>\n<td><strong>Spindle Speed<\/strong><\/td>\n<td>20000 rpm<\/td>\n<\/tr>\n<tr>\n<td><strong>Spigot \/ Pull Stud<\/strong><\/td>\n<td>45\u00b0<\/td>\n<\/tr>\n<tr>\n<td><strong>Spindle Motor<\/strong><\/td>\n<td>3.7 &#8211; 5.5 kw<\/td>\n<\/tr>\n<tr>\n<td><strong>X\/Y Axis Fast Movement Speed<\/strong><\/td>\n<td>48 m\/min<\/td>\n<\/tr>\n<tr>\n<td><strong>Z Axis Fast Movement Speed<\/strong><\/td>\n<td>48 m\/min<\/td>\n<\/tr>\n<tr>\n<td><strong>3-Axis Cutting Feed Speed<\/strong><\/td>\n<td>1 &#8211; 12000 mm\/min<\/td>\n<\/tr>\n<tr>\n<td><strong>Positioning Accuracy<\/strong><\/td>\n<td>\u00b10.003 \/ 300 mm<\/td>\n<\/tr>\n<tr>\n<td><strong>Repetitive Positioning Accuracy<\/strong><\/td>\n<td>\u00b10.0025 \/ 300 mm<\/td>\n<\/tr>\n<tr>\n<td><strong>Number of Tools<\/strong><\/td>\n<td>21 Tools<\/td>\n<\/tr>\n<tr>\n<td><strong>Tools Changing Form<\/strong><\/td>\n<td>Turret type<\/td>\n<\/tr>\n<tr>\n<td><strong>Tools Selection Form<\/strong><\/td>\n<td>Clamping arm type<\/td>\n<\/tr>\n<tr>\n<td><strong>Max Tool Length<\/strong><\/td>\n<td>250 mm<\/td>\n<\/tr>\n<tr>\n<td><strong>Max Tool Weight<\/strong><\/td>\n<td>3 kg<\/td>\n<\/tr>\n<tr>\n<td><strong>Max Tool Dia. (Full\/Adjacent) <\/strong><\/td>\n<td>\u03a660 \/ \u03a680 mm<\/td>\n<\/tr>\n<tr>\n<td><strong>Automatic Tool Change Time<\/strong><\/td>\n<td>1.3 s (Adjacent)<\/td>\n<\/tr>\n<tr>\n<td><strong>Pressure<\/strong><\/td>\n<td>0.65 MPa<\/td>\n<\/tr>\n<tr>\n<td><strong>Cooling Power<\/strong><\/td>\n<td>1000 W<\/td>\n<\/tr>\n<tr>\n<td><strong>Lift<\/strong><\/td>\n<td>30 m<\/td>\n<\/tr>\n<tr>\n<td><strong>Flow<\/strong><\/td>\n<td>4 m\u00b3\/h<\/td>\n<\/tr>\n<tr>\n<td><strong>Coolant Capacity<\/strong><\/td>\n<td>230 L<\/td>\n<\/tr>\n<tr>\n<td><strong>Machine Weight<\/strong><\/td>\n<td>3000 kg<\/td>\n<\/tr>\n<tr>\n<td><strong>Machine Size<\/strong><\/td>\n<td>1750 \u00d7 2363 \u00d7 2216 mm<\/td>\n<\/tr>\n<tr>\n<td><strong>Voltage<\/strong><\/td>\n<td>AC380V 3PH, 50Hz<\/td>\n<\/tr>\n<tr>\n<td><strong>Total Power<\/strong><\/td>\n<td>18 kw<\/td>\n<\/tr>\n<\/table>\n","protected":false},"excerpt":{"rendered":"<p>Specifications Model T6 Stroke X\/Y\/Z 600 \/ 400 \/ 330 mm Distance From Spindle End Face To Table 150 &#8211; 480 mm Distance From Spindle Center To Column Guide Rail Surface 464 mm Table Size 700 \u00d7 420 mm Max Loading 200 kg T-slots (N \u00d7 width \u00d7 space) 3 \u00d7 14 \u00d7 125 Taper [&hellip;]<\/p>\n","protected":false},"featured_media":3056,"template":"","meta":{"_acf_changed":false,"site-sidebar-layout":"default","site-content-layout":"","ast-site-content-layout":"default","site-content-style":"default","site-sidebar-style":"default","ast-global-header-display":"","ast-banner-title-visibility":"","ast-main-header-display":"","ast-hfb-above-header-display":"","ast-hfb-below-header-display":"","ast-hfb-mobile-header-display":"","site-post-title":"","ast-breadcrumbs-content":"","ast-featured-img":"","footer-sml-layout":"","ast-disable-related-posts":"","theme-transparent-header-meta":"default","adv-header-id-meta":"","stick-header-meta":"default","header-above-stick-meta":"","header-main-stick-meta":"","header-below-stick-meta":"","astra-migrate-meta-layouts":"default","ast-page-background-enabled":"default","ast-page-background-meta":{"desktop":{"background-color":"var(--ast-global-color-4)","background-image":"","background-repeat":"repeat","background-position":"center center","background-size":"auto","background-attachment":"scroll","background-type":"","background-media":"","overlay-type":"","overlay-color":"","overlay-opacity":"","overlay-gradient":""},"tablet":{"background-color":"","background-image":"","background-repeat":"repeat","background-position":"center center","background-size":"auto","background-attachment":"scroll","background-type":"","background-media":"","overlay-type":"","overlay-color":"","overlay-opacity":"","overlay-gradient":""},"mobile":{"background-color":"","background-image":"","background-repeat":"repeat","background-position":"center center","background-size":"auto","background-attachment":"scroll","background-type":"","background-media":"","overlay-type":"","overlay-color":"","overlay-opacity":"","overlay-gradient":""}},"ast-content-background-meta":{"desktop":{"background-color":"var(--ast-global-color-5)","background-image":"","background-repeat":"repeat","background-position":"center center","background-size":"auto","background-attachment":"scroll","background-type":"","background-media":"","overlay-type":"","overlay-color":"","overlay-opacity":"","overlay-gradient":""},"tablet":{"background-color":"var(--ast-global-color-5)","background-image":"","background-repeat":"repeat","background-position":"center center","background-size":"auto","background-attachment":"scroll","background-type":"","background-media":"","overlay-type":"","overlay-color":"","overlay-opacity":"","overlay-gradient":""},"mobile":{"background-color":"var(--ast-global-color-5)","background-image":"","background-repeat":"repeat","background-position":"center center","background-size":"auto","background-attachment":"scroll","background-type":"","background-media":"","overlay-type":"","overlay-color":"","overlay-opacity":"","overlay-gradient":""}}},"product_brand":[],"product_cat":[148,282],"product_tag":[],"class_list":{"0":"post-2756","1":"product","2":"type-product","3":"status-publish","4":"has-post-thumbnail","6":"product_cat-machining-center","7":"product_cat-kanstill-t6","8":"desktop-align-left","9":"tablet-align-left","10":"mobile-align-left","11":"ast-product-gallery-layout-horizontal-slider","12":"ast-product-gallery-with-no-image","13":"ast-product-tabs-layout-horizontal","15":"first","16":"instock","17":"shipping-taxable","18":"product-type-simple"},"acf":[],"_links":{"self":[{"href":"https:\/\/idda.co.th\/en\/wp-json\/wp\/v2\/product\/2756","targetHints":{"allow":["GET"]}}],"collection":[{"href":"https:\/\/idda.co.th\/en\/wp-json\/wp\/v2\/product"}],"about":[{"href":"https:\/\/idda.co.th\/en\/wp-json\/wp\/v2\/types\/product"}],"wp:featuredmedia":[{"embeddable":true,"href":"https:\/\/idda.co.th\/en\/wp-json\/wp\/v2\/media\/3056"}],"wp:attachment":[{"href":"https:\/\/idda.co.th\/en\/wp-json\/wp\/v2\/media?parent=2756"}],"wp:term":[{"taxonomy":"product_brand","embeddable":true,"href":"https:\/\/idda.co.th\/en\/wp-json\/wp\/v2\/product_brand?post=2756"},{"taxonomy":"product_cat","embeddable":true,"href":"https:\/\/idda.co.th\/en\/wp-json\/wp\/v2\/product_cat?post=2756"},{"taxonomy":"product_tag","embeddable":true,"href":"https:\/\/idda.co.th\/en\/wp-json\/wp\/v2\/product_tag?post=2756"}],"curies":[{"name":"wp","href":"https:\/\/api.w.org\/{rel}","templated":true}]}}