{"id":2755,"date":"2025-10-16T14:49:51","date_gmt":"2025-10-16T07:49:51","guid":{"rendered":"https:\/\/idda.co.th\/product\/kanstill-vl11\/"},"modified":"2026-03-26T15:28:30","modified_gmt":"2026-03-26T08:28:30","slug":"kanstill-vl11","status":"publish","type":"product","link":"https:\/\/idda.co.th\/en\/product\/kanstill-vl11\/","title":{"rendered":"KANSTILL VL11"},"content":{"rendered":"<h3 class=\"section-title\">Specifications<\/h3>\n<table class=\"spec-table\">\n<tr>\n<td><strong>Model<\/strong><\/td>\n<td>VL11<\/td>\n<\/tr>\n<tr>\n<td><strong>Stroke X\/Y\/Z<\/strong><\/td>\n<td>1100 \/ 600 \/ 600 mm<\/td>\n<\/tr>\n<tr>\n<td><strong>Distance From Spindle End Face To Table<\/strong><\/td>\n<td>100 &#8211; 700 mm<\/td>\n<\/tr>\n<tr>\n<td><strong>Distance From Spindle Center To Column Guide Rail Surface<\/strong><\/td>\n<td>650 mm<\/td>\n<\/tr>\n<tr>\n<td><strong>Table Size<\/strong><\/td>\n<td>1200 \u00d7 600 mm<\/td>\n<\/tr>\n<tr>\n<td><strong>Max Loading<\/strong><\/td>\n<td>800 kg<\/td>\n<\/tr>\n<tr>\n<td><strong>T-slots N \u00d7 width \u00d7 space<\/strong><\/td>\n<td>5 \u00d7 18 \u00d7 100<\/td>\n<\/tr>\n<tr>\n<td><strong>Taper<\/strong><\/td>\n<td>BT40<\/td>\n<\/tr>\n<tr>\n<td><strong>Spindle Speed<\/strong><\/td>\n<td>12000 rpm<\/td>\n<\/tr>\n<tr>\n<td><strong>Spigot \/ Pull Stud<\/strong><\/td>\n<td>45\u00b0<\/td>\n<\/tr>\n<tr>\n<td><strong>Spindle Motor<\/strong><\/td>\n<td>11 &#8211; 15 KW<\/td>\n<\/tr>\n<tr>\n<td><strong>X\/Y Axis Fast Movement Speed<\/strong><\/td>\n<td>36 m\/min<\/td>\n<\/tr>\n<tr>\n<td><strong>Z Axis Fast Movement Speed<\/strong><\/td>\n<td>36 m\/min<\/td>\n<\/tr>\n<tr>\n<td><strong>3-Axis Cutting Feed Speed<\/strong><\/td>\n<td>1 &#8211; 10000 mm\/min<\/td>\n<\/tr>\n<tr>\n<td><strong>X-Axis Rail<\/strong><\/td>\n<td>45-Roller-6 slider<\/td>\n<\/tr>\n<tr>\n<td><strong>Y-Axis Rail<\/strong><\/td>\n<td>45-Roller-4 slider<\/td>\n<\/tr>\n<tr>\n<td><strong>Z-Axis Rail<\/strong><\/td>\n<td>45-Roller-6 slider<\/td>\n<\/tr>\n<tr>\n<td><strong>3-Axis Screw<\/strong><\/td>\n<td>\u03a640-P12<\/td>\n<\/tr>\n<tr>\n<td><strong>Positioning Accuracy<\/strong><\/td>\n<td>\u00b10.004 \/ 300 mm<\/td>\n<\/tr>\n<tr>\n<td><strong>Repetitive Positioning Accuracy<\/strong><\/td>\n<td>\u00b10.003 mm<\/td>\n<\/tr>\n<tr>\n<td><strong>Number Of Tools<\/strong><\/td>\n<td>24 pcs<\/td>\n<\/tr>\n<tr>\n<td><strong>Tools Selection Form<\/strong><\/td>\n<td>Arbitrary<\/td>\n<\/tr>\n<tr>\n<td><strong>Max Tool Length<\/strong><\/td>\n<td>300 mm<\/td>\n<\/tr>\n<tr>\n<td><strong>Max Tool Weight<\/strong><\/td>\n<td>8 kg<\/td>\n<\/tr>\n<tr>\n<td><strong>Max Tool Dia. (Full\/Adjacent) <\/strong><\/td>\n<td>\u03a680 \/ \u03a6120 mm<\/td>\n<\/tr>\n<tr>\n<td><strong>Automatic Tool Change Time<\/strong><\/td>\n<td>1.55 s (Adjacent tool)<\/td>\n<\/tr>\n<tr>\n<td><strong>Pressure<\/strong><\/td>\n<td>0.65 mpa<\/td>\n<\/tr>\n<tr>\n<td><strong>Cooling Power<\/strong><\/td>\n<td>1000 W<\/td>\n<\/tr>\n<tr>\n<td><strong>Lift<\/strong><\/td>\n<td>30 m<\/td>\n<\/tr>\n<tr>\n<td><strong>Flow<\/strong><\/td>\n<td>4 m\u00b3\/h<\/td>\n<\/tr>\n<tr>\n<td><strong> Coolant Capacity<\/strong><\/td>\n<td>280 L<\/td>\n<\/tr>\n<tr>\n<td><strong>Machine Weight<\/strong><\/td>\n<td>6200 kg<\/td>\n<\/tr>\n<tr>\n<td><strong>Machine Size<\/strong><\/td>\n<td>2760 \u00d7 2720 \u00d7 3050 mm (Water tank included)<\/td>\n<\/tr>\n<tr>\n<td><strong>Voltage<\/strong><\/td>\n<td>AC380V 3PH, 50Hz<\/td>\n<\/tr>\n<tr>\n<td><strong>Total Power<\/strong><\/td>\n<td>25 kw<\/td>\n<\/tr>\n<\/table>\n","protected":false},"excerpt":{"rendered":"<p>Specifications Model VL11 Stroke X\/Y\/Z 1100 \/ 600 \/ 600 mm Distance From Spindle End Face To Table 100 &#8211; 700 mm Distance From Spindle Center To Column Guide Rail Surface 650 mm Table Size 1200 \u00d7 600 mm Max Loading 800 kg T-slots N \u00d7 width \u00d7 space 5 \u00d7 18 \u00d7 100 Taper [&hellip;]<\/p>\n","protected":false},"featured_media":3057,"template":"","meta":{"_acf_changed":false,"site-sidebar-layout":"default","site-content-layout":"","ast-site-content-layout":"default","site-content-style":"default","site-sidebar-style":"default","ast-global-header-display":"","ast-banner-title-visibility":"","ast-main-header-display":"","ast-hfb-above-header-display":"","ast-hfb-below-header-display":"","ast-hfb-mobile-header-display":"","site-post-title":"","ast-breadcrumbs-content":"","ast-featured-img":"","footer-sml-layout":"","ast-disable-related-posts":"","theme-transparent-header-meta":"default","adv-header-id-meta":"","stick-header-meta":"default","header-above-stick-meta":"","header-main-stick-meta":"","header-below-stick-meta":"","astra-migrate-meta-layouts":"default","ast-page-background-enabled":"default","ast-page-background-meta":{"desktop":{"background-color":"var(--ast-global-color-4)","background-image":"","background-repeat":"repeat","background-position":"center center","background-size":"auto","background-attachment":"scroll","background-type":"","background-media":"","overlay-type":"","overlay-color":"","overlay-opacity":"","overlay-gradient":""},"tablet":{"background-color":"","background-image":"","background-repeat":"repeat","background-position":"center center","background-size":"auto","background-attachment":"scroll","background-type":"","background-media":"","overlay-type":"","overlay-color":"","overlay-opacity":"","overlay-gradient":""},"mobile":{"background-color":"","background-image":"","background-repeat":"repeat","background-position":"center center","background-size":"auto","background-attachment":"scroll","background-type":"","background-media":"","overlay-type":"","overlay-color":"","overlay-opacity":"","overlay-gradient":""}},"ast-content-background-meta":{"desktop":{"background-color":"var(--ast-global-color-5)","background-image":"","background-repeat":"repeat","background-position":"center center","background-size":"auto","background-attachment":"scroll","background-type":"","background-media":"","overlay-type":"","overlay-color":"","overlay-opacity":"","overlay-gradient":""},"tablet":{"background-color":"var(--ast-global-color-5)","background-image":"","background-repeat":"repeat","background-position":"center center","background-size":"auto","background-attachment":"scroll","background-type":"","background-media":"","overlay-type":"","overlay-color":"","overlay-opacity":"","overlay-gradient":""},"mobile":{"background-color":"var(--ast-global-color-5)","background-image":"","background-repeat":"repeat","background-position":"center center","background-size":"auto","background-attachment":"scroll","background-type":"","background-media":"","overlay-type":"","overlay-color":"","overlay-opacity":"","overlay-gradient":""}}},"product_brand":[],"product_cat":[148,281],"product_tag":[],"class_list":{"0":"post-2755","1":"product","2":"type-product","3":"status-publish","4":"has-post-thumbnail","6":"product_cat-machining-center","7":"product_cat-kanstill-vl11","8":"desktop-align-left","9":"tablet-align-left","10":"mobile-align-left","11":"ast-product-gallery-layout-horizontal-slider","12":"ast-product-gallery-with-no-image","13":"ast-product-tabs-layout-horizontal","15":"first","16":"instock","17":"shipping-taxable","18":"product-type-simple"},"acf":[],"_links":{"self":[{"href":"https:\/\/idda.co.th\/en\/wp-json\/wp\/v2\/product\/2755","targetHints":{"allow":["GET"]}}],"collection":[{"href":"https:\/\/idda.co.th\/en\/wp-json\/wp\/v2\/product"}],"about":[{"href":"https:\/\/idda.co.th\/en\/wp-json\/wp\/v2\/types\/product"}],"wp:featuredmedia":[{"embeddable":true,"href":"https:\/\/idda.co.th\/en\/wp-json\/wp\/v2\/media\/3057"}],"wp:attachment":[{"href":"https:\/\/idda.co.th\/en\/wp-json\/wp\/v2\/media?parent=2755"}],"wp:term":[{"taxonomy":"product_brand","embeddable":true,"href":"https:\/\/idda.co.th\/en\/wp-json\/wp\/v2\/product_brand?post=2755"},{"taxonomy":"product_cat","embeddable":true,"href":"https:\/\/idda.co.th\/en\/wp-json\/wp\/v2\/product_cat?post=2755"},{"taxonomy":"product_tag","embeddable":true,"href":"https:\/\/idda.co.th\/en\/wp-json\/wp\/v2\/product_tag?post=2755"}],"curies":[{"name":"wp","href":"https:\/\/api.w.org\/{rel}","templated":true}]}}