{"id":2744,"date":"2025-10-16T14:48:01","date_gmt":"2025-10-16T07:48:01","guid":{"rendered":"https:\/\/idda.co.th\/product\/hision-vmc850ii\/"},"modified":"2026-03-26T11:44:26","modified_gmt":"2026-03-26T04:44:26","slug":"hision-vmc850ii","status":"publish","type":"product","link":"https:\/\/idda.co.th\/en\/product\/hision-vmc850ii\/","title":{"rendered":"HISION VMC850II"},"content":{"rendered":"<h3 class=\"section-title\">Specifications<\/h3>\n<table class=\"spec-table\">\n<tr>\n<td><strong>Model<\/strong><\/td>\n<td>VMC850II<\/td>\n<\/tr>\n<tr>\n<td><strong>X travel<\/strong><\/td>\n<td>850 mm<\/td>\n<\/tr>\n<tr>\n<td><strong>Y travel<\/strong><\/td>\n<td>500 mm<\/td>\n<\/tr>\n<tr>\n<td><strong>Z travel<\/strong><\/td>\n<td>500 mm<\/td>\n<\/tr>\n<tr>\n<td><strong>Spindle Nose to Table Surface<\/strong><\/td>\n<td>150 &#8211; 650 mm<\/td>\n<\/tr>\n<tr>\n<td><strong>Table Size<\/strong><\/td>\n<td>1000 \u00d7 500 mm<\/td>\n<\/tr>\n<tr>\n<td><strong>Max. Load <\/strong><\/td>\n<td>600 kg<\/td>\n<\/tr>\n<tr>\n<td><strong>T-slot<\/strong><\/td>\n<td>5 \u00d7 18 \u00d7 80 mm<\/td>\n<\/tr>\n<tr>\n<td><strong>Drive Type<\/strong><\/td>\n<td>Belt drive<\/td>\n<\/tr>\n<tr>\n<td><strong>Max. Speed <\/strong><\/td>\n<td>8000 rpm<\/td>\n<\/tr>\n<tr>\n<td><strong>Power(cont\/Max)<\/strong><\/td>\n<td>11\/15 kw<\/td>\n<\/tr>\n<tr>\n<td><strong>Torque(cont\/Max)<\/strong><\/td>\n<td>52.5\/95.5 n.m<\/td>\n<\/tr>\n<tr>\n<td><strong>Taper<\/strong><\/td>\n<td>BT40<\/td>\n<\/tr>\n<tr>\n<td><strong>Pull Stud<\/strong><\/td>\n<td>MAS P40T-I(45\u00ba)<\/td>\n<\/tr>\n<tr>\n<td><strong>Rapid feed X\/Y\/Z<\/strong><\/td>\n<td>36\/36\/36 m\/min<\/td>\n<\/tr>\n<tr>\n<td><strong>Cutting feed X\/Y\/Z<\/strong><\/td>\n<td>15\/15\/15 m\/min<\/td>\n<\/tr>\n<tr>\n<td><strong>Capacity<\/strong><\/td>\n<td>24 Tools<\/td>\n<\/tr>\n<tr>\n<td><strong>Type<\/strong><\/td>\n<td>Arm type<\/td>\n<\/tr>\n<tr>\n<td><strong>Tool Shank<\/strong><\/td>\n<td>BT40<\/td>\n<\/tr>\n<tr>\n<td><strong>Max. Tool (Full\/Adjacent Vacant) <\/strong><\/td>\n<td>\u03a678\/\u03a6150 mm<\/td>\n<\/tr>\n<tr>\n<td><strong>Max. Tool Length <\/strong><\/td>\n<td>300 mm<\/td>\n<\/tr>\n<tr>\n<td><strong>Max. Tool Weight <\/strong><\/td>\n<td>7 kg<\/td>\n<\/tr>\n<tr>\n<td><strong>Indexing (Tool to Tool)<\/strong><\/td>\n<td>2.5 sec<\/td>\n<\/tr>\n<tr>\n<td><strong>Positioning Accuracy<\/strong><\/td>\n<td>X Axis 0.008 mm<br \/>\nY Axis 0.005 mm<br \/>\nZ Axis 0.005 mm<\/td>\n<\/tr>\n<tr>\n<td><strong>Repeatability Accuracy<\/strong><\/td>\n<td>X Axis 0.005 mm<br \/>\nY Axis 0.003 mm<br \/>\nZ Axis 0.003 mm<\/td>\n<\/tr>\n<tr>\n<td><strong>Controller<\/strong><\/td>\n<td>Mitsubishi M80<\/td>\n<\/tr>\n<tr>\n<td><strong>Air Pressure<\/strong><\/td>\n<td>0.6 mpa<\/td>\n<\/tr>\n<tr>\n<td><strong>Machine Weight<\/strong><\/td>\n<td>6 T<\/td>\n<\/tr>\n<tr>\n<td><strong>Machine Size <\/strong><\/td>\n<td>2500 \u00d7 3400 \u00d7 2550 mm<\/td>\n<\/tr>\n<\/table>\n","protected":false},"excerpt":{"rendered":"<p>Specifications Model VMC850II X travel 850 mm Y travel 500 mm Z travel 500 mm Spindle Nose to Table Surface 150 &#8211; 650 mm Table Size 1000 \u00d7 500 mm Max. Load 600 kg T-slot 5 \u00d7 18 \u00d7 80 mm Drive Type Belt drive Max. Speed 8000 rpm Power(cont\/Max) 11\/15 kw Torque(cont\/Max) 52.5\/95.5 n.m [&hellip;]<\/p>\n","protected":false},"featured_media":2750,"template":"","meta":{"_acf_changed":false,"site-sidebar-layout":"default","site-content-layout":"","ast-site-content-layout":"default","site-content-style":"default","site-sidebar-style":"default","ast-global-header-display":"","ast-banner-title-visibility":"","ast-main-header-display":"","ast-hfb-above-header-display":"","ast-hfb-below-header-display":"","ast-hfb-mobile-header-display":"","site-post-title":"","ast-breadcrumbs-content":"","ast-featured-img":"","footer-sml-layout":"","ast-disable-related-posts":"","theme-transparent-header-meta":"default","adv-header-id-meta":"","stick-header-meta":"default","header-above-stick-meta":"","header-main-stick-meta":"","header-below-stick-meta":"","astra-migrate-meta-layouts":"default","ast-page-background-enabled":"default","ast-page-background-meta":{"desktop":{"background-color":"var(--ast-global-color-4)","background-image":"","background-repeat":"repeat","background-position":"center center","background-size":"auto","background-attachment":"scroll","background-type":"","background-media":"","overlay-type":"","overlay-color":"","overlay-opacity":"","overlay-gradient":""},"tablet":{"background-color":"","background-image":"","background-repeat":"repeat","background-position":"center center","background-size":"auto","background-attachment":"scroll","background-type":"","background-media":"","overlay-type":"","overlay-color":"","overlay-opacity":"","overlay-gradient":""},"mobile":{"background-color":"","background-image":"","background-repeat":"repeat","background-position":"center center","background-size":"auto","background-attachment":"scroll","background-type":"","background-media":"","overlay-type":"","overlay-color":"","overlay-opacity":"","overlay-gradient":""}},"ast-content-background-meta":{"desktop":{"background-color":"var(--ast-global-color-5)","background-image":"","background-repeat":"repeat","background-position":"center center","background-size":"auto","background-attachment":"scroll","background-type":"","background-media":"","overlay-type":"","overlay-color":"","overlay-opacity":"","overlay-gradient":""},"tablet":{"background-color":"var(--ast-global-color-5)","background-image":"","background-repeat":"repeat","background-position":"center center","background-size":"auto","background-attachment":"scroll","background-type":"","background-media":"","overlay-type":"","overlay-color":"","overlay-opacity":"","overlay-gradient":""},"mobile":{"background-color":"var(--ast-global-color-5)","background-image":"","background-repeat":"repeat","background-position":"center center","background-size":"auto","background-attachment":"scroll","background-type":"","background-media":"","overlay-type":"","overlay-color":"","overlay-opacity":"","overlay-gradient":""}}},"product_brand":[],"product_cat":[148,283],"product_tag":[],"class_list":{"0":"post-2744","1":"product","2":"type-product","3":"status-publish","4":"has-post-thumbnail","6":"product_cat-machining-center","7":"product_cat-hision-vmc850ii","8":"desktop-align-left","9":"tablet-align-left","10":"mobile-align-left","11":"ast-product-gallery-layout-horizontal-slider","12":"ast-product-gallery-with-no-image","13":"ast-product-tabs-layout-horizontal","15":"first","16":"instock","17":"shipping-taxable","18":"product-type-simple"},"acf":[],"_links":{"self":[{"href":"https:\/\/idda.co.th\/en\/wp-json\/wp\/v2\/product\/2744","targetHints":{"allow":["GET"]}}],"collection":[{"href":"https:\/\/idda.co.th\/en\/wp-json\/wp\/v2\/product"}],"about":[{"href":"https:\/\/idda.co.th\/en\/wp-json\/wp\/v2\/types\/product"}],"wp:featuredmedia":[{"embeddable":true,"href":"https:\/\/idda.co.th\/en\/wp-json\/wp\/v2\/media\/2750"}],"wp:attachment":[{"href":"https:\/\/idda.co.th\/en\/wp-json\/wp\/v2\/media?parent=2744"}],"wp:term":[{"taxonomy":"product_brand","embeddable":true,"href":"https:\/\/idda.co.th\/en\/wp-json\/wp\/v2\/product_brand?post=2744"},{"taxonomy":"product_cat","embeddable":true,"href":"https:\/\/idda.co.th\/en\/wp-json\/wp\/v2\/product_cat?post=2744"},{"taxonomy":"product_tag","embeddable":true,"href":"https:\/\/idda.co.th\/en\/wp-json\/wp\/v2\/product_tag?post=2744"}],"curies":[{"name":"wp","href":"https:\/\/api.w.org\/{rel}","templated":true}]}}