{"id":2737,"date":"2025-10-16T14:53:46","date_gmt":"2025-10-16T07:53:46","guid":{"rendered":"https:\/\/idda.co.th\/product\/dk7745zf\/"},"modified":"2026-03-27T09:17:18","modified_gmt":"2026-03-27T02:17:18","slug":"dk7745zf","status":"publish","type":"product","link":"https:\/\/idda.co.th\/en\/product\/dk7745zf\/","title":{"rendered":"Wire Cut DK7745ZF"},"content":{"rendered":"<h3 class=\"section-title\">Specifications<\/h3>\n<table class=\"spec-table\">\n<tr>\n<td><strong>Model<\/strong><\/td>\n<td>DK7745ZF<\/td>\n<\/tr>\n<tr>\n<td><strong>Table Size ( W \u00d7 D )<\/strong><\/td>\n<td>570 \u00d7 830 mm<\/td>\n<\/tr>\n<tr>\n<td><strong>Table Travel ( X \u00d7 Y )<\/strong><\/td>\n<td>450 \u00d7 550 mm<\/td>\n<\/tr>\n<tr>\n<td><strong>Table Travel ( U \u00d7 V )<\/strong><\/td>\n<td>70 \u00d7 70 mm<\/td>\n<\/tr>\n<tr>\n<td><strong>Max. Workpiece Weight <\/strong><\/td>\n<td>1000 kg<\/td>\n<\/tr>\n<tr>\n<td><strong>Thickness Of Workpiece<\/strong><\/td>\n<td>450 mm<\/td>\n<\/tr>\n<tr>\n<td><strong>Max. Taper Angle <\/strong><\/td>\n<td>\u00b16\u00b0 \/ 100<\/td>\n<\/tr>\n<tr>\n<td><strong>Z Axis Control<\/strong><\/td>\n<td>Electric<\/td>\n<\/tr>\n<tr>\n<td><strong>Diameter Of Cutting Wire<\/strong><\/td>\n<td>\u03c60.15 ~ \u03c60.20 mm<\/td>\n<\/tr>\n<tr>\n<td><strong>Feeding Speed<\/strong><\/td>\n<td>1 ~ 11.4 m\/sec<\/td>\n<\/tr>\n<tr>\n<td><strong>Precision<\/strong><\/td>\n<td>\u22640.015 mm<\/td>\n<\/tr>\n<tr>\n<td><strong>Machining Speed<\/strong><\/td>\n<td>\u2265200 mm\u00b2\/min<\/td>\n<\/tr>\n<tr>\n<td><strong>Surface Roughness<\/strong><\/td>\n<td>Ra \u2264 2.5 \u03bcm<\/td>\n<\/tr>\n<tr>\n<td><strong>Motor Type<\/strong><\/td>\n<td>X, Y, U, V Stepper motor<\/td>\n<\/tr>\n<tr>\n<td><strong>Control Axis<\/strong><\/td>\n<td>4 axis simultaneous<\/td>\n<\/tr>\n<tr>\n<td><strong>Min. Control Pace <\/strong><\/td>\n<td>0.001 mm<\/td>\n<\/tr>\n<tr>\n<td><strong>Power Supply<\/strong><\/td>\n<td>3N-380V \/ 50Hz<\/td>\n<\/tr>\n<tr>\n<td><strong>Max. Working Current <\/strong><\/td>\n<td>12 A<\/td>\n<\/tr>\n<tr>\n<td><strong>Power Consumption<\/strong><\/td>\n<td>1 kw<\/td>\n<\/tr>\n<tr>\n<td><strong>Working Liquid<\/strong><\/td>\n<td>JR3A<\/td>\n<\/tr>\n<tr>\n<td><strong>Water Tank<\/strong><\/td>\n<td>50 L<\/td>\n<\/tr>\n<tr>\n<td><strong>Filtering Mode<\/strong><\/td>\n<td>Filter screen<\/td>\n<\/tr>\n<tr>\n<td><strong>Machine Weight<\/strong><\/td>\n<td>1650 kg<\/td>\n<\/tr>\n<tr>\n<td><strong>Machine Dimensions<\/strong><\/td>\n<td>1850 \u00d7 1430 \u00d7 1750 mm<\/td>\n<\/tr>\n<\/table>\n","protected":false},"excerpt":{"rendered":"<p>Specifications Model DK7745ZF Table Size ( W \u00d7 D ) 570 \u00d7 830 mm Table Travel ( X \u00d7 Y ) 450 \u00d7 550 mm Table Travel ( U \u00d7 V ) 70 \u00d7 70 mm Max. Workpiece Weight 1000 kg Thickness Of Workpiece 450 mm Max. Taper Angle \u00b16\u00b0 \/ 100 Z Axis Control [&hellip;]<\/p>\n","protected":false},"featured_media":3053,"template":"","meta":{"_acf_changed":false,"site-sidebar-layout":"default","site-content-layout":"","ast-site-content-layout":"default","site-content-style":"default","site-sidebar-style":"default","ast-global-header-display":"","ast-banner-title-visibility":"","ast-main-header-display":"","ast-hfb-above-header-display":"","ast-hfb-below-header-display":"","ast-hfb-mobile-header-display":"","site-post-title":"","ast-breadcrumbs-content":"","ast-featured-img":"","footer-sml-layout":"","ast-disable-related-posts":"","theme-transparent-header-meta":"default","adv-header-id-meta":"","stick-header-meta":"default","header-above-stick-meta":"","header-main-stick-meta":"","header-below-stick-meta":"","astra-migrate-meta-layouts":"default","ast-page-background-enabled":"default","ast-page-background-meta":{"desktop":{"background-color":"var(--ast-global-color-4)","background-image":"","background-repeat":"repeat","background-position":"center center","background-size":"auto","background-attachment":"scroll","background-type":"","background-media":"","overlay-type":"","overlay-color":"","overlay-opacity":"","overlay-gradient":""},"tablet":{"background-color":"","background-image":"","background-repeat":"repeat","background-position":"center center","background-size":"auto","background-attachment":"scroll","background-type":"","background-media":"","overlay-type":"","overlay-color":"","overlay-opacity":"","overlay-gradient":""},"mobile":{"background-color":"","background-image":"","background-repeat":"repeat","background-position":"center center","background-size":"auto","background-attachment":"scroll","background-type":"","background-media":"","overlay-type":"","overlay-color":"","overlay-opacity":"","overlay-gradient":""}},"ast-content-background-meta":{"desktop":{"background-color":"var(--ast-global-color-5)","background-image":"","background-repeat":"repeat","background-position":"center center","background-size":"auto","background-attachment":"scroll","background-type":"","background-media":"","overlay-type":"","overlay-color":"","overlay-opacity":"","overlay-gradient":""},"tablet":{"background-color":"var(--ast-global-color-5)","background-image":"","background-repeat":"repeat","background-position":"center center","background-size":"auto","background-attachment":"scroll","background-type":"","background-media":"","overlay-type":"","overlay-color":"","overlay-opacity":"","overlay-gradient":""},"mobile":{"background-color":"var(--ast-global-color-5)","background-image":"","background-repeat":"repeat","background-position":"center center","background-size":"auto","background-attachment":"scroll","background-type":"","background-media":"","overlay-type":"","overlay-color":"","overlay-opacity":"","overlay-gradient":""}}},"product_brand":[],"product_cat":[90,251],"product_tag":[],"class_list":{"0":"post-2737","1":"product","2":"type-product","3":"status-publish","4":"has-post-thumbnail","6":"product_cat-edm","7":"product_cat-wire-cut-dk7745zf","8":"desktop-align-left","9":"tablet-align-left","10":"mobile-align-left","11":"ast-product-gallery-layout-horizontal-slider","12":"ast-product-gallery-with-no-image","13":"ast-product-tabs-layout-horizontal","15":"first","16":"instock","17":"shipping-taxable","18":"product-type-simple"},"acf":[],"_links":{"self":[{"href":"https:\/\/idda.co.th\/en\/wp-json\/wp\/v2\/product\/2737","targetHints":{"allow":["GET"]}}],"collection":[{"href":"https:\/\/idda.co.th\/en\/wp-json\/wp\/v2\/product"}],"about":[{"href":"https:\/\/idda.co.th\/en\/wp-json\/wp\/v2\/types\/product"}],"wp:featuredmedia":[{"embeddable":true,"href":"https:\/\/idda.co.th\/en\/wp-json\/wp\/v2\/media\/3053"}],"wp:attachment":[{"href":"https:\/\/idda.co.th\/en\/wp-json\/wp\/v2\/media?parent=2737"}],"wp:term":[{"taxonomy":"product_brand","embeddable":true,"href":"https:\/\/idda.co.th\/en\/wp-json\/wp\/v2\/product_brand?post=2737"},{"taxonomy":"product_cat","embeddable":true,"href":"https:\/\/idda.co.th\/en\/wp-json\/wp\/v2\/product_cat?post=2737"},{"taxonomy":"product_tag","embeddable":true,"href":"https:\/\/idda.co.th\/en\/wp-json\/wp\/v2\/product_tag?post=2737"}],"curies":[{"name":"wp","href":"https:\/\/api.w.org\/{rel}","templated":true}]}}