{"id":2735,"date":"2025-10-16T14:53:21","date_gmt":"2025-10-16T07:53:21","guid":{"rendered":"https:\/\/idda.co.th\/product\/dk7725zf\/"},"modified":"2026-03-13T15:01:06","modified_gmt":"2026-03-13T08:01:06","slug":"dk7725zf","status":"publish","type":"product","link":"https:\/\/idda.co.th\/en\/product\/dk7725zf\/","title":{"rendered":"Wire Cut DK7725ZF"},"content":{"rendered":"<h3 class=\"section-title\">Specifications<\/h3>\n<table class=\"spec-table\">\n<tr>\n<td><strong>Model<\/strong><\/td>\n<td>DK7725ZF<\/td>\n<\/tr>\n<tr>\n<td><strong>Table size (WxD)<\/strong><\/td>\n<td>450 \u00d7 640 mm<\/td>\n<\/tr>\n<tr>\n<td><strong>Table travel (XxY)<\/strong><\/td>\n<td>250 \u00d7 320 mm<\/td>\n<\/tr>\n<tr>\n<td><strong>Table travel (UxV)<\/strong><\/td>\n<td>70 \u00d7 70 mm<\/td>\n<\/tr>\n<tr>\n<td><strong>Max. workpiece loading <\/strong><\/td>\n<td>400 kg<\/td>\n<\/tr>\n<tr>\n<td><strong>Thickness of workpiece<\/strong><\/td>\n<td>300 mm<\/td>\n<\/tr>\n<tr>\n<td><strong>Max. taper angle <\/strong><\/td>\n<td>\u00b16\u00b0\/100<\/td>\n<\/tr>\n<tr>\n<td><strong>Z-axis control<\/strong><\/td>\n<td>Electric<\/td>\n<\/tr>\n<tr>\n<td><strong>Diameter of cutting wire<\/strong><\/td>\n<td>\u03c60.15 \uff5e \u03c60.20 (recommend \u03c60.18) mm<\/td>\n<\/tr>\n<tr>\n<td><strong>Feeding speed<\/strong><\/td>\n<td>1 \uff5e 11.4m\/seven adjustable m\/sec<\/td>\n<\/tr>\n<tr>\n<td><strong>Precision<\/strong><\/td>\n<td>\u22640.015 mm<\/td>\n<\/tr>\n<tr>\n<td><strong>Machining speed<\/strong><\/td>\n<td>\u2265200 mm\u00b2\/min<\/td>\n<\/tr>\n<tr>\n<td><strong>Surface roughness<\/strong><\/td>\n<td>Ra\u22642.5 \u03bcm<\/td>\n<\/tr>\n<tr>\n<td><strong>Motor type<\/strong><\/td>\n<td>X\u3001Y\u3001U\u3001V stepper motor<\/td>\n<\/tr>\n<tr>\n<td><strong>Control axis<\/strong><\/td>\n<td>4 axis simultaneous<\/td>\n<\/tr>\n<tr>\n<td><strong>Min. control pace<\/strong><\/td>\n<td>0.001 mm<\/td>\n<\/tr>\n<tr>\n<td><strong>Power supply<\/strong><\/td>\n<td>3N-380V\/50Hz<\/td>\n<\/tr>\n<tr>\n<td><strong>Max. working current <\/strong><\/td>\n<td>12 A<\/td>\n<\/tr>\n<tr>\n<td><strong>Power consumption<\/strong><\/td>\n<td>1 Kw<\/td>\n<\/tr>\n<tr>\n<td><strong>Working liquid<\/strong><\/td>\n<td>JR3A<\/td>\n<\/tr>\n<tr>\n<td><strong>Water tank<\/strong><\/td>\n<td>50 L<\/td>\n<\/tr>\n<tr>\n<td><strong>Filtering mode<\/strong><\/td>\n<td>filter screen<\/td>\n<\/tr>\n<tr>\n<td><strong>Machine weight<\/strong><\/td>\n<td>1100 kg<\/td>\n<\/tr>\n<tr>\n<td><strong>Machine dimensions<\/strong><\/td>\n<td>1420 \u00d7 1040 \u00d7 1700 mm<\/td>\n<\/tr>\n<\/table>\n","protected":false},"excerpt":{"rendered":"<p>Specifications Model DK7725ZF Table size (WxD) 450 \u00d7 640 mm Table travel (XxY) 250 \u00d7 320 mm Table travel (UxV) 70 \u00d7 70 mm Max. workpiece loading 400 kg Thickness of workpiece 300 mm Max. taper angle \u00b16\u00b0\/100 Z-axis control Electric Diameter of cutting wire \u03c60.15 \uff5e \u03c60.20 (recommend \u03c60.18) mm Feeding speed 1 \uff5e [&hellip;]<\/p>\n","protected":false},"featured_media":3053,"template":"","meta":{"_acf_changed":false,"site-sidebar-layout":"default","site-content-layout":"","ast-site-content-layout":"default","site-content-style":"default","site-sidebar-style":"default","ast-global-header-display":"","ast-banner-title-visibility":"","ast-main-header-display":"","ast-hfb-above-header-display":"","ast-hfb-below-header-display":"","ast-hfb-mobile-header-display":"","site-post-title":"","ast-breadcrumbs-content":"","ast-featured-img":"","footer-sml-layout":"","ast-disable-related-posts":"","theme-transparent-header-meta":"default","adv-header-id-meta":"","stick-header-meta":"default","header-above-stick-meta":"","header-main-stick-meta":"","header-below-stick-meta":"","astra-migrate-meta-layouts":"default","ast-page-background-enabled":"default","ast-page-background-meta":{"desktop":{"background-color":"var(--ast-global-color-4)","background-image":"","background-repeat":"repeat","background-position":"center center","background-size":"auto","background-attachment":"scroll","background-type":"","background-media":"","overlay-type":"","overlay-color":"","overlay-opacity":"","overlay-gradient":""},"tablet":{"background-color":"","background-image":"","background-repeat":"repeat","background-position":"center center","background-size":"auto","background-attachment":"scroll","background-type":"","background-media":"","overlay-type":"","overlay-color":"","overlay-opacity":"","overlay-gradient":""},"mobile":{"background-color":"","background-image":"","background-repeat":"repeat","background-position":"center center","background-size":"auto","background-attachment":"scroll","background-type":"","background-media":"","overlay-type":"","overlay-color":"","overlay-opacity":"","overlay-gradient":""}},"ast-content-background-meta":{"desktop":{"background-color":"var(--ast-global-color-5)","background-image":"","background-repeat":"repeat","background-position":"center center","background-size":"auto","background-attachment":"scroll","background-type":"","background-media":"","overlay-type":"","overlay-color":"","overlay-opacity":"","overlay-gradient":""},"tablet":{"background-color":"var(--ast-global-color-5)","background-image":"","background-repeat":"repeat","background-position":"center center","background-size":"auto","background-attachment":"scroll","background-type":"","background-media":"","overlay-type":"","overlay-color":"","overlay-opacity":"","overlay-gradient":""},"mobile":{"background-color":"var(--ast-global-color-5)","background-image":"","background-repeat":"repeat","background-position":"center center","background-size":"auto","background-attachment":"scroll","background-type":"","background-media":"","overlay-type":"","overlay-color":"","overlay-opacity":"","overlay-gradient":""}}},"product_brand":[],"product_cat":[90,252],"product_tag":[],"class_list":{"0":"post-2735","1":"product","2":"type-product","3":"status-publish","4":"has-post-thumbnail","6":"product_cat-edm","7":"product_cat-wire-cut-dk7725zf","8":"desktop-align-left","9":"tablet-align-left","10":"mobile-align-left","11":"ast-product-gallery-layout-horizontal-slider","12":"ast-product-gallery-with-no-image","13":"ast-product-tabs-layout-horizontal","15":"first","16":"instock","17":"shipping-taxable","18":"product-type-simple"},"acf":[],"_links":{"self":[{"href":"https:\/\/idda.co.th\/en\/wp-json\/wp\/v2\/product\/2735","targetHints":{"allow":["GET"]}}],"collection":[{"href":"https:\/\/idda.co.th\/en\/wp-json\/wp\/v2\/product"}],"about":[{"href":"https:\/\/idda.co.th\/en\/wp-json\/wp\/v2\/types\/product"}],"wp:featuredmedia":[{"embeddable":true,"href":"https:\/\/idda.co.th\/en\/wp-json\/wp\/v2\/media\/3053"}],"wp:attachment":[{"href":"https:\/\/idda.co.th\/en\/wp-json\/wp\/v2\/media?parent=2735"}],"wp:term":[{"taxonomy":"product_brand","embeddable":true,"href":"https:\/\/idda.co.th\/en\/wp-json\/wp\/v2\/product_brand?post=2735"},{"taxonomy":"product_cat","embeddable":true,"href":"https:\/\/idda.co.th\/en\/wp-json\/wp\/v2\/product_cat?post=2735"},{"taxonomy":"product_tag","embeddable":true,"href":"https:\/\/idda.co.th\/en\/wp-json\/wp\/v2\/product_tag?post=2735"}],"curies":[{"name":"wp","href":"https:\/\/api.w.org\/{rel}","templated":true}]}}