{"id":2719,"date":"2025-10-16T15:07:34","date_gmt":"2025-10-16T08:07:34","guid":{"rendered":"https:\/\/idda.co.th\/product\/pca-250ah\/"},"modified":"2026-04-03T09:19:03","modified_gmt":"2026-04-03T02:19:03","slug":"pca-250ah","status":"publish","type":"product","link":"https:\/\/idda.co.th\/en\/product\/pca-250ah\/","title":{"rendered":"IDDA PCA-250AH"},"content":{"rendered":"<h3 class=\"section-title\">Specifications<\/h3>\n<table class=\"spec-table\">\n<tr>\n<td><strong>Model<\/strong><\/td>\n<td>IDDA PCA-250AH<\/td>\n<\/tr>\n<tr>\n<td><strong>Working Surface of Table<\/strong><\/td>\n<td>460 x 200 mm<\/td>\n<\/tr>\n<tr>\n<td><strong>Max. Cross Travel <\/strong><\/td>\n<td>280 mm<\/td>\n<\/tr>\n<tr>\n<td><strong>Max. Table Travel Table Travel<\/strong><\/td>\n<td>540 mm<\/td>\n<\/tr>\n<tr>\n<td><strong>Distance Between Table Surface and Spindle Center<\/strong><\/td>\n<td>470 mm<\/td>\n<\/tr>\n<tr>\n<td><strong>Max. Table Load <\/strong><\/td>\n<td>100 kg<\/td>\n<\/tr>\n<tr>\n<td><strong>T-Slot<\/strong><\/td>\n<td>14 \u00d7 1 mm*N<\/td>\n<\/tr>\n<tr>\n<td><strong>Table Speed<\/strong><\/td>\n<td>5 &#8211; 23 m\/min<\/td>\n<\/tr>\n<tr>\n<td><strong>Cross Feed Handwheel (1 Gard \/ 1 Rev)<\/strong><\/td>\n<td>0.02 mm \/ 4 mm<\/td>\n<\/tr>\n<tr>\n<td><strong>Automatic Cross Feed of Saddle<\/strong><\/td>\n<td>0.1 &#8211; 8 mm<\/td>\n<\/tr>\n<tr>\n<td><strong>Power Cross Feed (50 Hz\/ 60 Hz)<\/strong><\/td>\n<td>790 \/ 950 mm<\/td>\n<\/tr>\n<tr>\n<td><strong>Grinding Wheel Dimensions<\/strong><\/td>\n<td>\u00f8 205 \u00d7 6 &#8211; 20 \u00d7 \u00f8 31.75 mm<\/td>\n<\/tr>\n<tr>\n<td><strong>Height of Machine<\/strong><\/td>\n<td>1775 mm<\/td>\n<\/tr>\n<tr>\n<td><strong>Floor Space<\/strong><\/td>\n<td>1800 \u00d7 1400 mm<\/td>\n<\/tr>\n<tr>\n<td><strong>Net Weight<\/strong><\/td>\n<td>1300 kg<\/td>\n<\/tr>\n<tr>\n<td><strong>Gross Weight<\/strong><\/td>\n<td>1500 kg<\/td>\n<\/tr>\n<\/table>\n","protected":false},"excerpt":{"rendered":"<p>Specifications Model IDDA PCA-250AH Working Surface of Table 460 x 200 mm Max. Cross Travel 280 mm Max. Table Travel Table Travel 540 mm Distance Between Table Surface and Spindle Center 470 mm Max. Table Load 100 kg T-Slot 14 \u00d7 1 mm*N Table Speed 5 &#8211; 23 m\/min Cross Feed Handwheel (1 Gard \/ [&hellip;]<\/p>\n","protected":false},"featured_media":0,"template":"","meta":{"_acf_changed":false,"site-sidebar-layout":"default","site-content-layout":"","ast-site-content-layout":"default","site-content-style":"default","site-sidebar-style":"default","ast-global-header-display":"","ast-banner-title-visibility":"","ast-main-header-display":"","ast-hfb-above-header-display":"","ast-hfb-below-header-display":"","ast-hfb-mobile-header-display":"","site-post-title":"","ast-breadcrumbs-content":"","ast-featured-img":"","footer-sml-layout":"","ast-disable-related-posts":"","theme-transparent-header-meta":"default","adv-header-id-meta":"","stick-header-meta":"default","header-above-stick-meta":"","header-main-stick-meta":"","header-below-stick-meta":"","astra-migrate-meta-layouts":"default","ast-page-background-enabled":"default","ast-page-background-meta":{"desktop":{"background-color":"var(--ast-global-color-4)","background-image":"","background-repeat":"repeat","background-position":"center center","background-size":"auto","background-attachment":"scroll","background-type":"","background-media":"","overlay-type":"","overlay-color":"","overlay-opacity":"","overlay-gradient":""},"tablet":{"background-color":"","background-image":"","background-repeat":"repeat","background-position":"center center","background-size":"auto","background-attachment":"scroll","background-type":"","background-media":"","overlay-type":"","overlay-color":"","overlay-opacity":"","overlay-gradient":""},"mobile":{"background-color":"","background-image":"","background-repeat":"repeat","background-position":"center center","background-size":"auto","background-attachment":"scroll","background-type":"","background-media":"","overlay-type":"","overlay-color":"","overlay-opacity":"","overlay-gradient":""}},"ast-content-background-meta":{"desktop":{"background-color":"var(--ast-global-color-5)","background-image":"","background-repeat":"repeat","background-position":"center center","background-size":"auto","background-attachment":"scroll","background-type":"","background-media":"","overlay-type":"","overlay-color":"","overlay-opacity":"","overlay-gradient":""},"tablet":{"background-color":"var(--ast-global-color-5)","background-image":"","background-repeat":"repeat","background-position":"center center","background-size":"auto","background-attachment":"scroll","background-type":"","background-media":"","overlay-type":"","overlay-color":"","overlay-opacity":"","overlay-gradient":""},"mobile":{"background-color":"var(--ast-global-color-5)","background-image":"","background-repeat":"repeat","background-position":"center center","background-size":"auto","background-attachment":"scroll","background-type":"","background-media":"","overlay-type":"","overlay-color":"","overlay-opacity":"","overlay-gradient":""}}},"product_brand":[],"product_cat":[352,153],"product_tag":[],"class_list":{"0":"post-2719","1":"product","2":"type-product","3":"status-publish","5":"product_cat-idda-pca-250ah","6":"product_cat-surface-grinding","7":"desktop-align-left","8":"tablet-align-left","9":"mobile-align-left","10":"ast-product-gallery-layout-horizontal-slider","11":"ast-product-gallery-with-no-image","12":"ast-product-tabs-layout-horizontal","14":"first","15":"instock","16":"shipping-taxable","17":"product-type-simple"},"acf":[],"_links":{"self":[{"href":"https:\/\/idda.co.th\/en\/wp-json\/wp\/v2\/product\/2719","targetHints":{"allow":["GET"]}}],"collection":[{"href":"https:\/\/idda.co.th\/en\/wp-json\/wp\/v2\/product"}],"about":[{"href":"https:\/\/idda.co.th\/en\/wp-json\/wp\/v2\/types\/product"}],"wp:attachment":[{"href":"https:\/\/idda.co.th\/en\/wp-json\/wp\/v2\/media?parent=2719"}],"wp:term":[{"taxonomy":"product_brand","embeddable":true,"href":"https:\/\/idda.co.th\/en\/wp-json\/wp\/v2\/product_brand?post=2719"},{"taxonomy":"product_cat","embeddable":true,"href":"https:\/\/idda.co.th\/en\/wp-json\/wp\/v2\/product_cat?post=2719"},{"taxonomy":"product_tag","embeddable":true,"href":"https:\/\/idda.co.th\/en\/wp-json\/wp\/v2\/product_tag?post=2719"}],"curies":[{"name":"wp","href":"https:\/\/api.w.org\/{rel}","templated":true}]}}