{"id":2684,"date":"2025-10-16T15:13:22","date_gmt":"2025-10-16T08:13:22","guid":{"rendered":"https:\/\/idda.co.th\/product\/c1n-80\/"},"modified":"2026-04-01T11:28:09","modified_gmt":"2026-04-01T04:28:09","slug":"c1n-80","status":"publish","type":"product","link":"https:\/\/idda.co.th\/en\/product\/c1n-80\/","title":{"rendered":"C1N-80"},"content":{"rendered":"<h3 class=\"section-title\">Specifications<\/h3>\n<table class=\"spec-table\">\n<tr>\n<td><strong>Model<\/strong><\/td>\n<td>C1N-80<\/td>\n<\/tr>\n<tr>\n<td><strong>Capacity<\/strong><\/td>\n<td>80 T<\/td>\n<\/tr>\n<tr>\n<td><strong>Rated Tonnage Point<\/strong><\/td>\n<td>4 mm<\/td>\n<\/tr>\n<tr>\n<td><strong>Stroke Per Minute (Variable)<\/strong><\/td>\n<td>35 ~ 80 s.p.m.<\/td>\n<\/tr>\n<tr>\n<td><strong>Stroke Per Minute (Fixed)<\/strong><\/td>\n<td>35 ~ 80 s.p.m.<\/td>\n<\/tr>\n<tr>\n<td><strong>Stroke<\/strong><\/td>\n<td>150 mm<\/td>\n<\/tr>\n<tr>\n<td><strong>Die Height<\/strong><\/td>\n<td>340 mm<\/td>\n<\/tr>\n<tr>\n<td><strong>Slide Adjustment<\/strong><\/td>\n<td>80 mm<\/td>\n<\/tr>\n<tr>\n<td><strong>Slide Area<\/strong><\/td>\n<td>770 \u00d7 420 \u00d7 70 mm<\/td>\n<\/tr>\n<tr>\n<td><strong>Bolster Area<\/strong><\/td>\n<td>1000 \u00d7 550 \u00d7 90 mm<\/td>\n<\/tr>\n<tr>\n<td><strong>Shank Hole<\/strong><\/td>\n<td>\u00f8 50 mm<\/td>\n<\/tr>\n<tr>\n<td><strong>Main motor<\/strong><\/td>\n<td>7.5 kw \u00d7 4P<\/td>\n<\/tr>\n<tr>\n<td><strong>Slide Adjust Device<\/strong><\/td>\n<td>Electric Driving<\/td>\n<\/tr>\n<tr>\n<td><strong>Air Pressure<\/strong><\/td>\n<td>6 kg\/cm\u00b2<\/td>\n<\/tr>\n<tr>\n<td><strong>Presses Precision<\/strong><\/td>\n<td>GB (JIS) 1 Class<\/td>\n<\/tr>\n<tr>\n<td><strong>Presses Dimension (LxWxH)<\/strong><\/td>\n<td>1800 \u00d7 1180 \u00d7 3000 mm<\/td>\n<\/tr>\n<tr>\n<td><strong>Presses Weight<\/strong><\/td>\n<td>6.5 T<\/td>\n<\/tr>\n<\/table>\n","protected":false},"excerpt":{"rendered":"<p>Specifications Model C1N-80 Capacity 80 T Rated Tonnage Point 4 mm Stroke Per Minute (Variable) 35 ~ 80 s.p.m. Stroke Per Minute (Fixed) 35 ~ 80 s.p.m. Stroke 150 mm Die Height 340 mm Slide Adjustment 80 mm Slide Area 770 \u00d7 420 \u00d7 70 mm Bolster Area 1000 \u00d7 550 \u00d7 90 mm Shank [&hellip;]<\/p>\n","protected":false},"featured_media":0,"template":"","meta":{"_acf_changed":false,"site-sidebar-layout":"default","site-content-layout":"","ast-site-content-layout":"default","site-content-style":"default","site-sidebar-style":"default","ast-global-header-display":"","ast-banner-title-visibility":"","ast-main-header-display":"","ast-hfb-above-header-display":"","ast-hfb-below-header-display":"","ast-hfb-mobile-header-display":"","site-post-title":"","ast-breadcrumbs-content":"","ast-featured-img":"","footer-sml-layout":"","ast-disable-related-posts":"","theme-transparent-header-meta":"default","adv-header-id-meta":"","stick-header-meta":"default","header-above-stick-meta":"","header-main-stick-meta":"","header-below-stick-meta":"","astra-migrate-meta-layouts":"default","ast-page-background-enabled":"default","ast-page-background-meta":{"desktop":{"background-color":"var(--ast-global-color-4)","background-image":"","background-repeat":"repeat","background-position":"center center","background-size":"auto","background-attachment":"scroll","background-type":"","background-media":"","overlay-type":"","overlay-color":"","overlay-opacity":"","overlay-gradient":""},"tablet":{"background-color":"","background-image":"","background-repeat":"repeat","background-position":"center center","background-size":"auto","background-attachment":"scroll","background-type":"","background-media":"","overlay-type":"","overlay-color":"","overlay-opacity":"","overlay-gradient":""},"mobile":{"background-color":"","background-image":"","background-repeat":"repeat","background-position":"center center","background-size":"auto","background-attachment":"scroll","background-type":"","background-media":"","overlay-type":"","overlay-color":"","overlay-opacity":"","overlay-gradient":""}},"ast-content-background-meta":{"desktop":{"background-color":"var(--ast-global-color-5)","background-image":"","background-repeat":"repeat","background-position":"center center","background-size":"auto","background-attachment":"scroll","background-type":"","background-media":"","overlay-type":"","overlay-color":"","overlay-opacity":"","overlay-gradient":""},"tablet":{"background-color":"var(--ast-global-color-5)","background-image":"","background-repeat":"repeat","background-position":"center center","background-size":"auto","background-attachment":"scroll","background-type":"","background-media":"","overlay-type":"","overlay-color":"","overlay-opacity":"","overlay-gradient":""},"mobile":{"background-color":"var(--ast-global-color-5)","background-image":"","background-repeat":"repeat","background-position":"center center","background-size":"auto","background-attachment":"scroll","background-type":"","background-media":"","overlay-type":"","overlay-color":"","overlay-opacity":"","overlay-gradient":""}}},"product_brand":[],"product_cat":[224,94],"product_tag":[],"class_list":{"0":"post-2684","1":"product","2":"type-product","3":"status-publish","5":"product_cat-c1n-80","6":"product_cat-press-machine","7":"desktop-align-left","8":"tablet-align-left","9":"mobile-align-left","10":"ast-product-gallery-layout-horizontal-slider","11":"ast-product-gallery-with-no-image","12":"ast-product-tabs-layout-horizontal","14":"first","15":"instock","16":"shipping-taxable","17":"product-type-simple"},"acf":[],"_links":{"self":[{"href":"https:\/\/idda.co.th\/en\/wp-json\/wp\/v2\/product\/2684","targetHints":{"allow":["GET"]}}],"collection":[{"href":"https:\/\/idda.co.th\/en\/wp-json\/wp\/v2\/product"}],"about":[{"href":"https:\/\/idda.co.th\/en\/wp-json\/wp\/v2\/types\/product"}],"wp:attachment":[{"href":"https:\/\/idda.co.th\/en\/wp-json\/wp\/v2\/media?parent=2684"}],"wp:term":[{"taxonomy":"product_brand","embeddable":true,"href":"https:\/\/idda.co.th\/en\/wp-json\/wp\/v2\/product_brand?post=2684"},{"taxonomy":"product_cat","embeddable":true,"href":"https:\/\/idda.co.th\/en\/wp-json\/wp\/v2\/product_cat?post=2684"},{"taxonomy":"product_tag","embeddable":true,"href":"https:\/\/idda.co.th\/en\/wp-json\/wp\/v2\/product_tag?post=2684"}],"curies":[{"name":"wp","href":"https:\/\/api.w.org\/{rel}","templated":true}]}}