{"id":2680,"date":"2025-10-16T15:19:26","date_gmt":"2025-10-16T08:19:26","guid":{"rendered":"https:\/\/idda.co.th\/product\/c1n-200\/"},"modified":"2026-04-02T09:55:28","modified_gmt":"2026-04-02T02:55:28","slug":"c1n-200","status":"publish","type":"product","link":"https:\/\/idda.co.th\/en\/product\/c1n-200\/","title":{"rendered":"C1N-200"},"content":{"rendered":"<h3 class=\"section-title\">Specifications<\/h3>\n<table class=\"spec-table\">\n<tr>\n<td><strong>Model<\/strong><\/td>\n<td>C1N-200<\/td>\n<\/tr>\n<tr>\n<td><strong>Capacity<\/strong><\/td>\n<td>200 T<\/td>\n<\/tr>\n<tr>\n<td><strong>Rated Tonnage Point<\/strong><\/td>\n<td>6 mm<\/td>\n<\/tr>\n<tr>\n<td><strong>Stroke Per Minute (Variable)<\/strong><\/td>\n<td>20 ~ 50 s.p.m.<\/td>\n<\/tr>\n<tr>\n<td><strong>Stroke Per Minute (Fixed)<\/strong><\/td>\n<td>35 s.p.m.<\/td>\n<\/tr>\n<tr>\n<td><strong>Stroke<\/strong><\/td>\n<td>200 mm<\/td>\n<\/tr>\n<tr>\n<td><strong>Die Height<\/strong><\/td>\n<td>460 mm<\/td>\n<\/tr>\n<tr>\n<td><strong>Slide Adjustment<\/strong><\/td>\n<td>110 mm<\/td>\n<\/tr>\n<tr>\n<td><strong>Slide Area<\/strong><\/td>\n<td>850 \u00d7 630 \u00d7 90 mm<\/td>\n<\/tr>\n<tr>\n<td><strong>Bolster Area<\/strong><\/td>\n<td>1400 \u00d7 820 \u00d7 160 mm<\/td>\n<\/tr>\n<tr>\n<td><strong>Shank Hole<\/strong><\/td>\n<td>\u00f8 65 mm<\/td>\n<\/tr>\n<tr>\n<td><strong>Main Motor<\/strong><\/td>\n<td>18.5 kw \u00d7 4P<\/td>\n<\/tr>\n<tr>\n<td><strong>Slide Adjust Device<\/strong><\/td>\n<td>Electric Driving<\/td>\n<\/tr>\n<tr>\n<td><strong>Air Pressure<\/strong><\/td>\n<td>6 kg\/cm\u00b2<\/td>\n<\/tr>\n<tr>\n<td><strong>Presses Precision<\/strong><\/td>\n<td>GB (JIS) 1 Class<\/td>\n<\/tr>\n<tr>\n<td><strong>Presses Dimension<\/strong><\/td>\n<td>2615 \u00d7 1690 \u00d7 4075 mm<\/td>\n<\/tr>\n<tr>\n<td><strong>Presses Weight<\/strong><\/td>\n<td>23 T<\/td>\n<\/tr>\n<\/table>\n","protected":false},"excerpt":{"rendered":"<p>Specifications Model C1N-200 Capacity 200 T Rated Tonnage Point 6 mm Stroke Per Minute (Variable) 20 ~ 50 s.p.m. Stroke Per Minute (Fixed) 35 s.p.m. Stroke 200 mm Die Height 460 mm Slide Adjustment 110 mm Slide Area 850 \u00d7 630 \u00d7 90 mm Bolster Area 1400 \u00d7 820 \u00d7 160 mm Shank Hole \u00f8 [&hellip;]<\/p>\n","protected":false},"featured_media":3043,"template":"","meta":{"_acf_changed":false,"site-sidebar-layout":"default","site-content-layout":"","ast-site-content-layout":"default","site-content-style":"default","site-sidebar-style":"default","ast-global-header-display":"","ast-banner-title-visibility":"","ast-main-header-display":"","ast-hfb-above-header-display":"","ast-hfb-below-header-display":"","ast-hfb-mobile-header-display":"","site-post-title":"","ast-breadcrumbs-content":"","ast-featured-img":"","footer-sml-layout":"","ast-disable-related-posts":"","theme-transparent-header-meta":"default","adv-header-id-meta":"","stick-header-meta":"default","header-above-stick-meta":"","header-main-stick-meta":"","header-below-stick-meta":"","astra-migrate-meta-layouts":"default","ast-page-background-enabled":"default","ast-page-background-meta":{"desktop":{"background-color":"var(--ast-global-color-4)","background-image":"","background-repeat":"repeat","background-position":"center center","background-size":"auto","background-attachment":"scroll","background-type":"","background-media":"","overlay-type":"","overlay-color":"","overlay-opacity":"","overlay-gradient":""},"tablet":{"background-color":"","background-image":"","background-repeat":"repeat","background-position":"center center","background-size":"auto","background-attachment":"scroll","background-type":"","background-media":"","overlay-type":"","overlay-color":"","overlay-opacity":"","overlay-gradient":""},"mobile":{"background-color":"","background-image":"","background-repeat":"repeat","background-position":"center center","background-size":"auto","background-attachment":"scroll","background-type":"","background-media":"","overlay-type":"","overlay-color":"","overlay-opacity":"","overlay-gradient":""}},"ast-content-background-meta":{"desktop":{"background-color":"var(--ast-global-color-5)","background-image":"","background-repeat":"repeat","background-position":"center center","background-size":"auto","background-attachment":"scroll","background-type":"","background-media":"","overlay-type":"","overlay-color":"","overlay-opacity":"","overlay-gradient":""},"tablet":{"background-color":"var(--ast-global-color-5)","background-image":"","background-repeat":"repeat","background-position":"center center","background-size":"auto","background-attachment":"scroll","background-type":"","background-media":"","overlay-type":"","overlay-color":"","overlay-opacity":"","overlay-gradient":""},"mobile":{"background-color":"var(--ast-global-color-5)","background-image":"","background-repeat":"repeat","background-position":"center center","background-size":"auto","background-attachment":"scroll","background-type":"","background-media":"","overlay-type":"","overlay-color":"","overlay-opacity":"","overlay-gradient":""}}},"product_brand":[],"product_cat":[227,94],"product_tag":[],"class_list":{"0":"post-2680","1":"product","2":"type-product","3":"status-publish","4":"has-post-thumbnail","6":"product_cat-c1n-200","7":"product_cat-press-machine","8":"desktop-align-left","9":"tablet-align-left","10":"mobile-align-left","11":"ast-product-gallery-layout-horizontal-slider","12":"ast-product-gallery-with-no-image","13":"ast-product-tabs-layout-horizontal","15":"first","16":"instock","17":"shipping-taxable","18":"product-type-simple"},"acf":[],"_links":{"self":[{"href":"https:\/\/idda.co.th\/en\/wp-json\/wp\/v2\/product\/2680","targetHints":{"allow":["GET"]}}],"collection":[{"href":"https:\/\/idda.co.th\/en\/wp-json\/wp\/v2\/product"}],"about":[{"href":"https:\/\/idda.co.th\/en\/wp-json\/wp\/v2\/types\/product"}],"wp:featuredmedia":[{"embeddable":true,"href":"https:\/\/idda.co.th\/en\/wp-json\/wp\/v2\/media\/3043"}],"wp:attachment":[{"href":"https:\/\/idda.co.th\/en\/wp-json\/wp\/v2\/media?parent=2680"}],"wp:term":[{"taxonomy":"product_brand","embeddable":true,"href":"https:\/\/idda.co.th\/en\/wp-json\/wp\/v2\/product_brand?post=2680"},{"taxonomy":"product_cat","embeddable":true,"href":"https:\/\/idda.co.th\/en\/wp-json\/wp\/v2\/product_cat?post=2680"},{"taxonomy":"product_tag","embeddable":true,"href":"https:\/\/idda.co.th\/en\/wp-json\/wp\/v2\/product_tag?post=2680"}],"curies":[{"name":"wp","href":"https:\/\/api.w.org\/{rel}","templated":true}]}}