{"id":2677,"date":"2025-10-16T15:11:53","date_gmt":"2025-10-16T08:11:53","guid":{"rendered":"https:\/\/idda.co.th\/product\/c1n-45\/"},"modified":"2026-04-01T10:24:14","modified_gmt":"2026-04-01T03:24:14","slug":"c1n-45","status":"publish","type":"product","link":"https:\/\/idda.co.th\/en\/product\/c1n-45\/","title":{"rendered":"C1N-45"},"content":{"rendered":"<h3 class=\"section-title\">Specifications<\/h3>\n<table class=\"spec-table\">\n<tr>\n<td><strong>Model<\/strong><\/td>\n<td>C1N-45<\/td>\n<\/tr>\n<tr>\n<td><strong>Capacity<\/strong><\/td>\n<td>45 T<\/td>\n<\/tr>\n<tr>\n<td><strong>Rated Tonnage Point<\/strong><\/td>\n<td>3.2 mm<\/td>\n<\/tr>\n<tr>\n<td><strong>Stroke Per Minute (Variable)<\/strong><\/td>\n<td>40 ~ 100 s.p.m.<\/td>\n<\/tr>\n<tr>\n<td><strong>Stroke Per Minute (Fixed)<\/strong><\/td>\n<td>75 s.p.m.<\/td>\n<\/tr>\n<tr>\n<td><strong>Stroke<\/strong><\/td>\n<td>80 mm<\/td>\n<\/tr>\n<tr>\n<td><strong>Die Height<\/strong><\/td>\n<td>250 mm<\/td>\n<\/tr>\n<tr>\n<td><strong>Slide Adjustment<\/strong><\/td>\n<td>60 mm<\/td>\n<\/tr>\n<tr>\n<td><strong>Slide Area<\/strong><\/td>\n<td>400 \u00d7 300 \u00d7 60 mm<\/td>\n<\/tr>\n<tr>\n<td><strong>Bolster Area<\/strong><\/td>\n<td>850 \u00d7 440 \u00d7 80 mm<\/td>\n<\/tr>\n<tr>\n<td><strong>Shank Hole<\/strong><\/td>\n<td>\u00f8 38.1 mm<\/td>\n<\/tr>\n<tr>\n<td><strong>Main Motor<\/strong><\/td>\n<td>5.5 kw \u00d7 4P<\/td>\n<\/tr>\n<tr>\n<td><strong>Slide Adjust Device<\/strong><\/td>\n<td>Manual Operation<\/td>\n<\/tr>\n<tr>\n<td><strong>Air Pressure<\/strong><\/td>\n<td>6 kg\/cm\u00b2<\/td>\n<\/tr>\n<tr>\n<td><strong>Presses Precision<\/strong><\/td>\n<td>GB (JIS) 1 Class<\/td>\n<\/tr>\n<tr>\n<td><strong>Presses Dimension<\/strong><\/td>\n<td>1600 \u00d7 950 \u00d7 2500 mm<\/td>\n<\/tr>\n<tr>\n<td><strong>Presses Weight<\/strong><\/td>\n<td>3.8 T<\/td>\n<\/tr>\n<\/table>\n","protected":false},"excerpt":{"rendered":"<p>Specifications Model C1N-45 Capacity 45 T Rated Tonnage Point 3.2 mm Stroke Per Minute (Variable) 40 ~ 100 s.p.m. Stroke Per Minute (Fixed) 75 s.p.m. Stroke 80 mm Die Height 250 mm Slide Adjustment 60 mm Slide Area 400 \u00d7 300 \u00d7 60 mm Bolster Area 850 \u00d7 440 \u00d7 80 mm Shank Hole \u00f8 [&hellip;]<\/p>\n","protected":false},"featured_media":0,"template":"","meta":{"_acf_changed":false,"site-sidebar-layout":"default","site-content-layout":"","ast-site-content-layout":"default","site-content-style":"default","site-sidebar-style":"default","ast-global-header-display":"","ast-banner-title-visibility":"","ast-main-header-display":"","ast-hfb-above-header-display":"","ast-hfb-below-header-display":"","ast-hfb-mobile-header-display":"","site-post-title":"","ast-breadcrumbs-content":"","ast-featured-img":"","footer-sml-layout":"","ast-disable-related-posts":"","theme-transparent-header-meta":"default","adv-header-id-meta":"","stick-header-meta":"default","header-above-stick-meta":"","header-main-stick-meta":"","header-below-stick-meta":"","astra-migrate-meta-layouts":"default","ast-page-background-enabled":"default","ast-page-background-meta":{"desktop":{"background-color":"var(--ast-global-color-4)","background-image":"","background-repeat":"repeat","background-position":"center center","background-size":"auto","background-attachment":"scroll","background-type":"","background-media":"","overlay-type":"","overlay-color":"","overlay-opacity":"","overlay-gradient":""},"tablet":{"background-color":"","background-image":"","background-repeat":"repeat","background-position":"center center","background-size":"auto","background-attachment":"scroll","background-type":"","background-media":"","overlay-type":"","overlay-color":"","overlay-opacity":"","overlay-gradient":""},"mobile":{"background-color":"","background-image":"","background-repeat":"repeat","background-position":"center center","background-size":"auto","background-attachment":"scroll","background-type":"","background-media":"","overlay-type":"","overlay-color":"","overlay-opacity":"","overlay-gradient":""}},"ast-content-background-meta":{"desktop":{"background-color":"var(--ast-global-color-5)","background-image":"","background-repeat":"repeat","background-position":"center center","background-size":"auto","background-attachment":"scroll","background-type":"","background-media":"","overlay-type":"","overlay-color":"","overlay-opacity":"","overlay-gradient":""},"tablet":{"background-color":"var(--ast-global-color-5)","background-image":"","background-repeat":"repeat","background-position":"center center","background-size":"auto","background-attachment":"scroll","background-type":"","background-media":"","overlay-type":"","overlay-color":"","overlay-opacity":"","overlay-gradient":""},"mobile":{"background-color":"var(--ast-global-color-5)","background-image":"","background-repeat":"repeat","background-position":"center center","background-size":"auto","background-attachment":"scroll","background-type":"","background-media":"","overlay-type":"","overlay-color":"","overlay-opacity":"","overlay-gradient":""}}},"product_brand":[],"product_cat":[336,151],"product_tag":[],"class_list":{"0":"post-2677","1":"product","2":"type-product","3":"status-publish","5":"product_cat-c1n-45","6":"product_cat-press-machine","7":"desktop-align-left","8":"tablet-align-left","9":"mobile-align-left","10":"ast-product-gallery-layout-horizontal-slider","11":"ast-product-gallery-with-no-image","12":"ast-product-tabs-layout-horizontal","14":"first","15":"instock","16":"shipping-taxable","17":"product-type-simple"},"acf":[],"_links":{"self":[{"href":"https:\/\/idda.co.th\/en\/wp-json\/wp\/v2\/product\/2677","targetHints":{"allow":["GET"]}}],"collection":[{"href":"https:\/\/idda.co.th\/en\/wp-json\/wp\/v2\/product"}],"about":[{"href":"https:\/\/idda.co.th\/en\/wp-json\/wp\/v2\/types\/product"}],"wp:attachment":[{"href":"https:\/\/idda.co.th\/en\/wp-json\/wp\/v2\/media?parent=2677"}],"wp:term":[{"taxonomy":"product_brand","embeddable":true,"href":"https:\/\/idda.co.th\/en\/wp-json\/wp\/v2\/product_brand?post=2677"},{"taxonomy":"product_cat","embeddable":true,"href":"https:\/\/idda.co.th\/en\/wp-json\/wp\/v2\/product_cat?post=2677"},{"taxonomy":"product_tag","embeddable":true,"href":"https:\/\/idda.co.th\/en\/wp-json\/wp\/v2\/product_tag?post=2677"}],"curies":[{"name":"wp","href":"https:\/\/api.w.org\/{rel}","templated":true}]}}