{"id":2676,"date":"2025-10-16T15:18:46","date_gmt":"2025-10-16T08:18:46","guid":{"rendered":"https:\/\/idda.co.th\/product\/c1n-160\/"},"modified":"2026-04-02T08:53:00","modified_gmt":"2026-04-02T01:53:00","slug":"c1n-160","status":"publish","type":"product","link":"https:\/\/idda.co.th\/en\/product\/c1n-160\/","title":{"rendered":"C1N-160"},"content":{"rendered":"<h3 class=\"section-title\">Specifications<\/h3>\n<table class=\"spec-table\">\n<tr>\n<td><strong>Model<\/strong><\/td>\n<td>C1N-160<\/td>\n<\/tr>\n<tr>\n<td><strong>Capacity<\/strong><\/td>\n<td>160 T<\/td>\n<\/tr>\n<tr>\n<td><strong>Rated Tonnage Point<\/strong><\/td>\n<td>6 mm<\/td>\n<\/tr>\n<tr>\n<td><strong>Stroke Per Minute (Variable)<\/strong><\/td>\n<td>20 ~ 50 s.p.m.<\/td>\n<\/tr>\n<tr>\n<td><strong>Stroke Per Minute (Fixed)<\/strong><\/td>\n<td>35 s.p.m.<\/td>\n<\/tr>\n<tr>\n<td><strong>Stroke<\/strong><\/td>\n<td>200 mm<\/td>\n<\/tr>\n<tr>\n<td><strong>Die Height<\/strong><\/td>\n<td>460 mm<\/td>\n<\/tr>\n<tr>\n<td><strong>Slide Adjustment<\/strong><\/td>\n<td>100 mm<\/td>\n<\/tr>\n<tr>\n<td><strong>Slide Area<\/strong><\/td>\n<td>700 \u00d7 550 \u00d7 90 mm<\/td>\n<\/tr>\n<tr>\n<td><strong>Bolster Area<\/strong><\/td>\n<td>1250 \u00d7 800 \u00d7 140 mm<\/td>\n<\/tr>\n<tr>\n<td><strong>Shank Hole<\/strong><\/td>\n<td>\u00f8 65 mm<\/td>\n<\/tr>\n<tr>\n<td><strong>Main Motor<\/strong><\/td>\n<td>15 kw \u00d7 4P<\/td>\n<\/tr>\n<tr>\n<td><strong>Slide Adjust Device<\/strong><\/td>\n<td>Electric Driving<\/td>\n<\/tr>\n<tr>\n<td><strong>Air Pressure<\/strong><\/td>\n<td>6 kg\/cm\u00b2<\/td>\n<\/tr>\n<tr>\n<td><strong>Presses Precision<\/strong><\/td>\n<td>GB (JIS) 1 Class<\/td>\n<\/tr>\n<tr>\n<td><strong>Presses Dimension<\/strong><\/td>\n<td>2300 \u00d7 1400 \u00d7 3800 mm<\/td>\n<\/tr>\n<tr>\n<td><strong>Presses Weight<\/strong><\/td>\n<td>16 T<\/td>\n<\/tr>\n<\/table>\n","protected":false},"excerpt":{"rendered":"<p>Specifications Model C1N-160 Capacity 160 T Rated Tonnage Point 6 mm Stroke Per Minute (Variable) 20 ~ 50 s.p.m. Stroke Per Minute (Fixed) 35 s.p.m. Stroke 200 mm Die Height 460 mm Slide Adjustment 100 mm Slide Area 700 \u00d7 550 \u00d7 90 mm Bolster Area 1250 \u00d7 800 \u00d7 140 mm Shank Hole \u00f8 [&hellip;]<\/p>\n","protected":false},"featured_media":0,"template":"","meta":{"_acf_changed":false,"site-sidebar-layout":"default","site-content-layout":"","ast-site-content-layout":"default","site-content-style":"default","site-sidebar-style":"default","ast-global-header-display":"","ast-banner-title-visibility":"","ast-main-header-display":"","ast-hfb-above-header-display":"","ast-hfb-below-header-display":"","ast-hfb-mobile-header-display":"","site-post-title":"","ast-breadcrumbs-content":"","ast-featured-img":"","footer-sml-layout":"","ast-disable-related-posts":"","theme-transparent-header-meta":"default","adv-header-id-meta":"","stick-header-meta":"default","header-above-stick-meta":"","header-main-stick-meta":"","header-below-stick-meta":"","astra-migrate-meta-layouts":"default","ast-page-background-enabled":"default","ast-page-background-meta":{"desktop":{"background-color":"var(--ast-global-color-4)","background-image":"","background-repeat":"repeat","background-position":"center center","background-size":"auto","background-attachment":"scroll","background-type":"","background-media":"","overlay-type":"","overlay-color":"","overlay-opacity":"","overlay-gradient":""},"tablet":{"background-color":"","background-image":"","background-repeat":"repeat","background-position":"center center","background-size":"auto","background-attachment":"scroll","background-type":"","background-media":"","overlay-type":"","overlay-color":"","overlay-opacity":"","overlay-gradient":""},"mobile":{"background-color":"","background-image":"","background-repeat":"repeat","background-position":"center center","background-size":"auto","background-attachment":"scroll","background-type":"","background-media":"","overlay-type":"","overlay-color":"","overlay-opacity":"","overlay-gradient":""}},"ast-content-background-meta":{"desktop":{"background-color":"var(--ast-global-color-5)","background-image":"","background-repeat":"repeat","background-position":"center center","background-size":"auto","background-attachment":"scroll","background-type":"","background-media":"","overlay-type":"","overlay-color":"","overlay-opacity":"","overlay-gradient":""},"tablet":{"background-color":"var(--ast-global-color-5)","background-image":"","background-repeat":"repeat","background-position":"center center","background-size":"auto","background-attachment":"scroll","background-type":"","background-media":"","overlay-type":"","overlay-color":"","overlay-opacity":"","overlay-gradient":""},"mobile":{"background-color":"var(--ast-global-color-5)","background-image":"","background-repeat":"repeat","background-position":"center center","background-size":"auto","background-attachment":"scroll","background-type":"","background-media":"","overlay-type":"","overlay-color":"","overlay-opacity":"","overlay-gradient":""}}},"product_brand":[],"product_cat":[344,151],"product_tag":[],"class_list":{"0":"post-2676","1":"product","2":"type-product","3":"status-publish","5":"product_cat-c1n-160","6":"product_cat-press-machine","7":"desktop-align-left","8":"tablet-align-left","9":"mobile-align-left","10":"ast-product-gallery-layout-horizontal-slider","11":"ast-product-gallery-with-no-image","12":"ast-product-tabs-layout-horizontal","14":"first","15":"instock","16":"shipping-taxable","17":"product-type-simple"},"acf":[],"_links":{"self":[{"href":"https:\/\/idda.co.th\/en\/wp-json\/wp\/v2\/product\/2676","targetHints":{"allow":["GET"]}}],"collection":[{"href":"https:\/\/idda.co.th\/en\/wp-json\/wp\/v2\/product"}],"about":[{"href":"https:\/\/idda.co.th\/en\/wp-json\/wp\/v2\/types\/product"}],"wp:attachment":[{"href":"https:\/\/idda.co.th\/en\/wp-json\/wp\/v2\/media?parent=2676"}],"wp:term":[{"taxonomy":"product_brand","embeddable":true,"href":"https:\/\/idda.co.th\/en\/wp-json\/wp\/v2\/product_brand?post=2676"},{"taxonomy":"product_cat","embeddable":true,"href":"https:\/\/idda.co.th\/en\/wp-json\/wp\/v2\/product_cat?post=2676"},{"taxonomy":"product_tag","embeddable":true,"href":"https:\/\/idda.co.th\/en\/wp-json\/wp\/v2\/product_tag?post=2676"}],"curies":[{"name":"wp","href":"https:\/\/api.w.org\/{rel}","templated":true}]}}