{"id":2660,"date":"2025-10-16T15:27:44","date_gmt":"2025-10-16T08:27:44","guid":{"rendered":"https:\/\/idda.co.th\/product\/360lx1000\/"},"modified":"2026-03-30T10:14:50","modified_gmt":"2026-03-30T03:14:50","slug":"360lx1000","status":"publish","type":"product","link":"https:\/\/idda.co.th\/en\/product\/360lx1000\/","title":{"rendered":"360L\u00d71000"},"content":{"rendered":"<h3 class=\"section-title\">Specifications<\/h3>\n<table class=\"spec-table\">\n<tr>\n<td><strong>Model<\/strong><\/td>\n<td>360L \u00d7 1000<\/td>\n<\/tr>\n<tr>\n<td><strong>Swing Over Bed<\/strong><\/td>\n<td>\u00f8 360 mm<\/td>\n<\/tr>\n<tr>\n<td><strong>Swing Over Cross Slide<\/strong><\/td>\n<td>\u00f8 212 mm<\/td>\n<\/tr>\n<tr>\n<td><strong>Swing in Gap Diameter<\/strong><\/td>\n<td>\u00f8 491 mm<\/td>\n<\/tr>\n<tr>\n<td><strong>Length of Gap<\/strong><\/td>\n<td>115 mm<\/td>\n<\/tr>\n<tr>\n<td><strong>Admits Between<\/strong><\/td>\n<td>1000 mm<\/td>\n<\/tr>\n<tr>\n<td><strong>Center Height<\/strong><\/td>\n<td>166 mm<\/td>\n<\/tr>\n<tr>\n<td><strong>Width of Bed<\/strong><\/td>\n<td>187 mm<\/td>\n<\/tr>\n<tr>\n<td><strong>Spindle Nose<\/strong><\/td>\n<td>D1-4<\/td>\n<\/tr>\n<tr>\n<td><strong>Spindle Bore<\/strong><\/td>\n<td>\u00f8 51 mm<\/td>\n<\/tr>\n<tr>\n<td><strong>Spindle Taper<\/strong><\/td>\n<td>MT5<\/td>\n<\/tr>\n<tr>\n<td><strong>Range of Spindle Speeds<\/strong><\/td>\n<td>70 &#8211; 2000 rpm<\/td>\n<\/tr>\n<tr>\n<td><strong>Compound Rest Travel<\/strong><\/td>\n<td>95 mm<\/td>\n<\/tr>\n<tr>\n<td><strong>Cross Slide Travel<\/strong><\/td>\n<td>180 mm<\/td>\n<\/tr>\n<tr>\n<td><strong>Lead Screw Thread<\/strong><\/td>\n<td>4 mm<\/td>\n<\/tr>\n<tr>\n<td><strong>Max. Section of Tool Section of Tool<\/strong><\/td>\n<td>16 \u00d7 16 mm<\/td>\n<\/tr>\n<tr>\n<td><strong>Longitudinal Feeds Range<\/strong><\/td>\n<td>0.091 &#8211; 2.553 mm<\/td>\n<\/tr>\n<tr>\n<td><strong>Cross Feeds Range<\/strong><\/td>\n<td>0.025 &#8211; 0.690 mm<\/td>\n<\/tr>\n<tr>\n<td><strong>Threads Metric Pitches<\/strong><\/td>\n<td>0.4 &#8211; 7 mm<\/td>\n<\/tr>\n<tr>\n<td><strong>Quill Diameter<\/strong><\/td>\n<td>\u00f8 32 mm<\/td>\n<\/tr>\n<tr>\n<td><strong>Quill Travel<\/strong><\/td>\n<td>100 mm<\/td>\n<\/tr>\n<tr>\n<td><strong>Quill Taper<\/strong><\/td>\n<td>MT3<\/td>\n<\/tr>\n<tr>\n<td><strong>Cross Adjustment<\/strong><\/td>\n<td>10 mm<\/td>\n<\/tr>\n<tr>\n<td><strong>Main Motor Power<\/strong><\/td>\n<td>1.5 kw<\/td>\n<\/tr>\n<tr>\n<td><strong>Coolant Pump Power<\/strong><\/td>\n<td>40 w<\/td>\n<\/tr>\n<tr>\n<td><strong>Overall Dimension<\/strong><\/td>\n<td>1870 \u00d7 740 \u00d7 1240 mm<\/td>\n<\/tr>\n<tr>\n<td><strong>Packing Size<\/strong><\/td>\n<td>1970 \u00d7 760 \u00d7 1450 mm<\/td>\n<\/tr>\n<tr>\n<td><strong>NW \/ GW<\/strong><\/td>\n<td>790 \/ 840 kg<\/td>\n<\/tr>\n<\/table>\n","protected":false},"excerpt":{"rendered":"<p>Specifications Model 360L \u00d7 1000 Swing Over Bed \u00f8 360 mm Swing Over Cross Slide \u00f8 212 mm Swing in Gap Diameter \u00f8 491 mm Length of Gap 115 mm Admits Between 1000 mm Center Height 166 mm Width of Bed 187 mm Spindle Nose D1-4 Spindle Bore \u00f8 51 mm Spindle Taper MT5 Range [&hellip;]<\/p>\n","protected":false},"featured_media":3038,"template":"","meta":{"_acf_changed":false,"site-sidebar-layout":"default","site-content-layout":"","ast-site-content-layout":"default","site-content-style":"default","site-sidebar-style":"default","ast-global-header-display":"","ast-banner-title-visibility":"","ast-main-header-display":"","ast-hfb-above-header-display":"","ast-hfb-below-header-display":"","ast-hfb-mobile-header-display":"","site-post-title":"","ast-breadcrumbs-content":"","ast-featured-img":"","footer-sml-layout":"","ast-disable-related-posts":"","theme-transparent-header-meta":"default","adv-header-id-meta":"","stick-header-meta":"default","header-above-stick-meta":"","header-main-stick-meta":"","header-below-stick-meta":"","astra-migrate-meta-layouts":"default","ast-page-background-enabled":"default","ast-page-background-meta":{"desktop":{"background-color":"var(--ast-global-color-4)","background-image":"","background-repeat":"repeat","background-position":"center center","background-size":"auto","background-attachment":"scroll","background-type":"","background-media":"","overlay-type":"","overlay-color":"","overlay-opacity":"","overlay-gradient":""},"tablet":{"background-color":"","background-image":"","background-repeat":"repeat","background-position":"center center","background-size":"auto","background-attachment":"scroll","background-type":"","background-media":"","overlay-type":"","overlay-color":"","overlay-opacity":"","overlay-gradient":""},"mobile":{"background-color":"","background-image":"","background-repeat":"repeat","background-position":"center center","background-size":"auto","background-attachment":"scroll","background-type":"","background-media":"","overlay-type":"","overlay-color":"","overlay-opacity":"","overlay-gradient":""}},"ast-content-background-meta":{"desktop":{"background-color":"var(--ast-global-color-5)","background-image":"","background-repeat":"repeat","background-position":"center center","background-size":"auto","background-attachment":"scroll","background-type":"","background-media":"","overlay-type":"","overlay-color":"","overlay-opacity":"","overlay-gradient":""},"tablet":{"background-color":"var(--ast-global-color-5)","background-image":"","background-repeat":"repeat","background-position":"center center","background-size":"auto","background-attachment":"scroll","background-type":"","background-media":"","overlay-type":"","overlay-color":"","overlay-opacity":"","overlay-gradient":""},"mobile":{"background-color":"var(--ast-global-color-5)","background-image":"","background-repeat":"repeat","background-position":"center center","background-size":"auto","background-attachment":"scroll","background-type":"","background-media":"","overlay-type":"","overlay-color":"","overlay-opacity":"","overlay-gradient":""}}},"product_brand":[],"product_cat":[318,147],"product_tag":[],"class_list":{"0":"post-2660","1":"product","2":"type-product","3":"status-publish","4":"has-post-thumbnail","6":"product_cat-360lx1000","7":"product_cat-lathe","8":"desktop-align-left","9":"tablet-align-left","10":"mobile-align-left","11":"ast-product-gallery-layout-horizontal-slider","12":"ast-product-gallery-with-no-image","13":"ast-product-tabs-layout-horizontal","15":"first","16":"instock","17":"shipping-taxable","18":"product-type-simple"},"acf":[],"_links":{"self":[{"href":"https:\/\/idda.co.th\/en\/wp-json\/wp\/v2\/product\/2660","targetHints":{"allow":["GET"]}}],"collection":[{"href":"https:\/\/idda.co.th\/en\/wp-json\/wp\/v2\/product"}],"about":[{"href":"https:\/\/idda.co.th\/en\/wp-json\/wp\/v2\/types\/product"}],"wp:featuredmedia":[{"embeddable":true,"href":"https:\/\/idda.co.th\/en\/wp-json\/wp\/v2\/media\/3038"}],"wp:attachment":[{"href":"https:\/\/idda.co.th\/en\/wp-json\/wp\/v2\/media?parent=2660"}],"wp:term":[{"taxonomy":"product_brand","embeddable":true,"href":"https:\/\/idda.co.th\/en\/wp-json\/wp\/v2\/product_brand?post=2660"},{"taxonomy":"product_cat","embeddable":true,"href":"https:\/\/idda.co.th\/en\/wp-json\/wp\/v2\/product_cat?post=2660"},{"taxonomy":"product_tag","embeddable":true,"href":"https:\/\/idda.co.th\/en\/wp-json\/wp\/v2\/product_tag?post=2660"}],"curies":[{"name":"wp","href":"https:\/\/api.w.org\/{rel}","templated":true}]}}