{"id":2653,"date":"2025-10-16T15:29:35","date_gmt":"2025-10-16T08:29:35","guid":{"rendered":"https:\/\/idda.co.th\/product\/6602000\/"},"modified":"2026-03-30T16:51:24","modified_gmt":"2026-03-30T09:51:24","slug":"6602000","status":"publish","type":"product","link":"https:\/\/idda.co.th\/en\/product\/6602000\/","title":{"rendered":"660\u00d72000"},"content":{"rendered":"<h3 class=\"section-title\">Specifications<\/h3>\n<table class=\"spec-table\">\n<tr>\n<td><strong>Model<\/strong><\/td>\n<td>660 \u00d7 2000<\/td>\n<\/tr>\n<tr>\n<td><strong>Swing Over Bed<\/strong><\/td>\n<td>\u00f8 660 mm<\/td>\n<\/tr>\n<tr>\n<td><strong>Swing Over Cross Slide<\/strong><\/td>\n<td>\u00f8 450 mm<\/td>\n<\/tr>\n<tr>\n<td><strong>Swing in Gap Diameter x Width<\/strong><\/td>\n<td>880 \u00d7 170 mm<\/td>\n<\/tr>\n<tr>\n<td><strong>Height of Center<\/strong><\/td>\n<td>330 mm<\/td>\n<\/tr>\n<tr>\n<td><strong>Distance Between Center<\/strong><\/td>\n<td>2000 mm<\/td>\n<\/tr>\n<tr>\n<td><strong>Width of Bed<\/strong><\/td>\n<td>350 mm<\/td>\n<\/tr>\n<tr>\n<td><strong>Cutting Tool Max. Section <\/strong><\/td>\n<td>25 \u00d7 25 mm<\/td>\n<\/tr>\n<tr>\n<td><strong>Total Travel of Cross Slide<\/strong><\/td>\n<td>316 mm<\/td>\n<\/tr>\n<tr>\n<td><strong>Total Travel of Top Slide<\/strong><\/td>\n<td>130 mm<\/td>\n<\/tr>\n<tr>\n<td><strong>Spindle Bore<\/strong><\/td>\n<td>\u00f8 103 mm<\/td>\n<\/tr>\n<tr>\n<td><strong>Spindle Nose<\/strong><\/td>\n<td>D1-8<\/td>\n<\/tr>\n<tr>\n<td><strong>Spindle Morse Taper (nose\/sleeve)<\/strong><\/td>\n<td>MT7<\/td>\n<\/tr>\n<tr>\n<td><strong>Spindle Speeds Number<\/strong><\/td>\n<td>12<\/td>\n<\/tr>\n<tr>\n<td><strong>Spindle Speeds Range<\/strong><\/td>\n<td>25 &#8211; 1600 rpm<\/td>\n<\/tr>\n<tr>\n<td><strong>Lead Screw Diameter &amp; Thread<\/strong><\/td>\n<td>\u00f8 40 mm \u00d7 4 TPI (or Pitch 6 mm)<\/td>\n<\/tr>\n<tr>\n<td><strong>Thread Imperial Pitches<\/strong><\/td>\n<td>2 &#8211; 112 TPI (60 nos)<\/td>\n<\/tr>\n<tr>\n<td><strong>Thread Metric Pitches<\/strong><\/td>\n<td>0.2 &#8211; 14 mm (47 nos)<\/td>\n<\/tr>\n<tr>\n<td><strong>Diametrical Pitches<\/strong><\/td>\n<td>4 &#8211; 112 D.P. (50 nos)<\/td>\n<\/tr>\n<tr>\n<td><strong>Module Pitches<\/strong><\/td>\n<td>0.1 &#8211; 7 M.P. (39 nos)<\/td>\n<\/tr>\n<tr>\n<td><strong>Longitudinal Feeds Imperial<\/strong><\/td>\n<td>0.0022&#8243; &#8211; 0.0612&#8243;\/rev (35 nos)<\/td>\n<\/tr>\n<tr>\n<td><strong>Longitudinal Feeds Metric<\/strong><\/td>\n<td>0.059 &#8211; 1.64 mm\/rev (35 mm)<\/td>\n<\/tr>\n<tr>\n<td><strong>Cross Feeds Imperial<\/strong><\/td>\n<td>0.00048&#8243; &#8211; 0.01354&#8243; (35 nos)<\/td>\n<\/tr>\n<tr>\n<td><strong>Cross Feeds Metric<\/strong><\/td>\n<td>0.020 &#8211; 0.573 mm (35 nos)<\/td>\n<\/tr>\n<tr>\n<td><strong>Total Travel of Tailstock Quill<\/strong><\/td>\n<td>180 mm<\/td>\n<\/tr>\n<tr>\n<td><strong>Tailstock Quill Diameter<\/strong><\/td>\n<td>\u00f8 75 mm<\/td>\n<\/tr>\n<tr>\n<td><strong>Taper in Tailstock Quill<\/strong><\/td>\n<td>MT5<\/td>\n<\/tr>\n<tr>\n<td><strong>Spindle Drive Motor<\/strong><\/td>\n<td>7.5 kW (10 HP) 3 Phase<\/td>\n<\/tr>\n<tr>\n<td><strong>Coolant Pump Motor<\/strong><\/td>\n<td>0.1 kW (1\/8 HP)<\/td>\n<\/tr>\n<tr>\n<td><strong>Machine Space Required<\/strong><\/td>\n<td>3340 \u00d7 1150 \u00d7 1510 mm<\/td>\n<\/tr>\n<tr>\n<td><strong>Packing Case Dimensions<\/strong><\/td>\n<td>3400 \u00d7 1150 \u00d7 1760 mm<\/td>\n<\/tr>\n<tr>\n<td><strong>Net Weight \/ Gross Weight<\/strong><\/td>\n<td>2590 kg \/ 3020 kg<\/td>\n<\/tr>\n<\/table>\n","protected":false},"excerpt":{"rendered":"<p>Specifications Model 660 \u00d7 2000 Swing Over Bed \u00f8 660 mm Swing Over Cross Slide \u00f8 450 mm Swing in Gap Diameter x Width 880 \u00d7 170 mm Height of Center 330 mm Distance Between Center 2000 mm Width of Bed 350 mm Cutting Tool Max. Section 25 \u00d7 25 mm Total Travel of Cross [&hellip;]<\/p>\n","protected":false},"featured_media":3035,"template":"","meta":{"_acf_changed":false,"site-sidebar-layout":"default","site-content-layout":"","ast-site-content-layout":"default","site-content-style":"default","site-sidebar-style":"default","ast-global-header-display":"","ast-banner-title-visibility":"","ast-main-header-display":"","ast-hfb-above-header-display":"","ast-hfb-below-header-display":"","ast-hfb-mobile-header-display":"","site-post-title":"","ast-breadcrumbs-content":"","ast-featured-img":"","footer-sml-layout":"","ast-disable-related-posts":"","theme-transparent-header-meta":"default","adv-header-id-meta":"","stick-header-meta":"default","header-above-stick-meta":"","header-main-stick-meta":"","header-below-stick-meta":"","astra-migrate-meta-layouts":"default","ast-page-background-enabled":"default","ast-page-background-meta":{"desktop":{"background-color":"var(--ast-global-color-4)","background-image":"","background-repeat":"repeat","background-position":"center center","background-size":"auto","background-attachment":"scroll","background-type":"","background-media":"","overlay-type":"","overlay-color":"","overlay-opacity":"","overlay-gradient":""},"tablet":{"background-color":"","background-image":"","background-repeat":"repeat","background-position":"center center","background-size":"auto","background-attachment":"scroll","background-type":"","background-media":"","overlay-type":"","overlay-color":"","overlay-opacity":"","overlay-gradient":""},"mobile":{"background-color":"","background-image":"","background-repeat":"repeat","background-position":"center center","background-size":"auto","background-attachment":"scroll","background-type":"","background-media":"","overlay-type":"","overlay-color":"","overlay-opacity":"","overlay-gradient":""}},"ast-content-background-meta":{"desktop":{"background-color":"var(--ast-global-color-5)","background-image":"","background-repeat":"repeat","background-position":"center center","background-size":"auto","background-attachment":"scroll","background-type":"","background-media":"","overlay-type":"","overlay-color":"","overlay-opacity":"","overlay-gradient":""},"tablet":{"background-color":"var(--ast-global-color-5)","background-image":"","background-repeat":"repeat","background-position":"center center","background-size":"auto","background-attachment":"scroll","background-type":"","background-media":"","overlay-type":"","overlay-color":"","overlay-opacity":"","overlay-gradient":""},"mobile":{"background-color":"var(--ast-global-color-5)","background-image":"","background-repeat":"repeat","background-position":"center center","background-size":"auto","background-attachment":"scroll","background-type":"","background-media":"","overlay-type":"","overlay-color":"","overlay-opacity":"","overlay-gradient":""}}},"product_brand":[],"product_cat":[322,147],"product_tag":[],"class_list":{"0":"post-2653","1":"product","2":"type-product","3":"status-publish","4":"has-post-thumbnail","6":"product_cat-660x2000","7":"product_cat-lathe","8":"desktop-align-left","9":"tablet-align-left","10":"mobile-align-left","11":"ast-product-gallery-layout-horizontal-slider","12":"ast-product-gallery-with-no-image","13":"ast-product-tabs-layout-horizontal","15":"first","16":"instock","17":"shipping-taxable","18":"product-type-simple"},"acf":[],"_links":{"self":[{"href":"https:\/\/idda.co.th\/en\/wp-json\/wp\/v2\/product\/2653","targetHints":{"allow":["GET"]}}],"collection":[{"href":"https:\/\/idda.co.th\/en\/wp-json\/wp\/v2\/product"}],"about":[{"href":"https:\/\/idda.co.th\/en\/wp-json\/wp\/v2\/types\/product"}],"wp:featuredmedia":[{"embeddable":true,"href":"https:\/\/idda.co.th\/en\/wp-json\/wp\/v2\/media\/3035"}],"wp:attachment":[{"href":"https:\/\/idda.co.th\/en\/wp-json\/wp\/v2\/media?parent=2653"}],"wp:term":[{"taxonomy":"product_brand","embeddable":true,"href":"https:\/\/idda.co.th\/en\/wp-json\/wp\/v2\/product_brand?post=2653"},{"taxonomy":"product_cat","embeddable":true,"href":"https:\/\/idda.co.th\/en\/wp-json\/wp\/v2\/product_cat?post=2653"},{"taxonomy":"product_tag","embeddable":true,"href":"https:\/\/idda.co.th\/en\/wp-json\/wp\/v2\/product_tag?post=2653"}],"curies":[{"name":"wp","href":"https:\/\/api.w.org\/{rel}","templated":true}]}}