{"id":2649,"date":"2025-10-16T15:28:55","date_gmt":"2025-10-16T08:28:55","guid":{"rendered":"https:\/\/idda.co.th\/product\/510sx1500\/"},"modified":"2026-03-30T11:57:17","modified_gmt":"2026-03-30T04:57:17","slug":"510sx1500","status":"publish","type":"product","link":"https:\/\/idda.co.th\/en\/product\/510sx1500\/","title":{"rendered":"510S\u00d71500"},"content":{"rendered":"<h3 class=\"section-title\">Specifications<\/h3>\n<table class=\"spec-table\">\n<tr>\n<td><strong>Model<\/strong><\/td>\n<td>510S\u00d71500<\/td>\n<\/tr>\n<tr>\n<td><strong>Swing Over Bed<\/strong><\/td>\n<td>\u00f8 510 mm<\/td>\n<\/tr>\n<tr>\n<td><strong>Swing Over Cross Slide<\/strong><\/td>\n<td>\u00f8 320 mm<\/td>\n<\/tr>\n<tr>\n<td><strong>Swing in Gap Diameter<\/strong><\/td>\n<td>740 \u00d7 165 mm<\/td>\n<\/tr>\n<tr>\n<td><strong>Height of Center<\/strong><\/td>\n<td>255 mm<\/td>\n<\/tr>\n<tr>\n<td><strong>Distance Between Center<\/strong><\/td>\n<td>1500 mm<\/td>\n<\/tr>\n<tr>\n<td><strong>Width of Bed<\/strong><\/td>\n<td>300 mm<\/td>\n<\/tr>\n<tr>\n<td><strong>Cutting Tool Max. Section <\/strong><\/td>\n<td>25 \u00d7 25 mm<\/td>\n<\/tr>\n<tr>\n<td><strong>Total Travel of Cross Slide<\/strong><\/td>\n<td>285 mm<\/td>\n<\/tr>\n<tr>\n<td><strong>Total Travel of Top Slide<\/strong><\/td>\n<td>128 mm<\/td>\n<\/tr>\n<tr>\n<td><strong>Spindle Bore<\/strong><\/td>\n<td>\u00f8 58 mm<\/td>\n<\/tr>\n<tr>\n<td><strong>Spindle Nose<\/strong><\/td>\n<td>D1-6<\/td>\n<\/tr>\n<tr>\n<td><strong>Spindle Morse Taper (Nose\/Sleeve)<\/strong><\/td>\n<td>M.T. No.6<\/td>\n<\/tr>\n<tr>\n<td><strong>Spindle Speeds Range<\/strong><\/td>\n<td>25 &#8211; 2000 r.p.m<\/td>\n<\/tr>\n<tr>\n<td><strong>Lead Screw Diameter &amp; Thread<\/strong><\/td>\n<td>\u00f8 35 mm \u00d7 4 T.P.I. (or Pitch 6mm)<\/td>\n<\/tr>\n<tr>\n<td><strong>Threads Imperial Pitches<\/strong><\/td>\n<td>2 &#8211; 112 T.P.I. (60 nos)<\/td>\n<\/tr>\n<tr>\n<td><strong>Threads Metric Pitches<\/strong><\/td>\n<td>0.1 &#8211; 14 mm (41 nos)<\/td>\n<\/tr>\n<tr>\n<td><strong>Diametrical Pitches<\/strong><\/td>\n<td>4 &#8211; 112 D.P. (50 nos)<\/td>\n<\/tr>\n<tr>\n<td><strong>Module Pitches<\/strong><\/td>\n<td>0.1 &#8211; 7 M.P. (34 nos)<\/td>\n<\/tr>\n<tr>\n<td><strong>Longitudinal Feeds Imperial<\/strong><\/td>\n<td>0.0011&#8243; &#8211; 0.0633&#8243;\/Rev (42 nos)<\/td>\n<\/tr>\n<tr>\n<td><strong>Longitudinal Feeds Metric<\/strong><\/td>\n<td>0.031 &#8211; 1.7 mm\/Rev (42 nos)<\/td>\n<\/tr>\n<tr>\n<td><strong>Cross-Feeds Imperial<\/strong><\/td>\n<td>0.00033&#8243; &#8211; 0.01837&#8243; (42 nos)<\/td>\n<\/tr>\n<tr>\n<td><strong>Cross Feeds Metric<\/strong><\/td>\n<td>0.014 &#8211; 0.784 mm (42 nos)<\/td>\n<\/tr>\n<tr>\n<td><strong>Total Travel of Tailstock Quill<\/strong><\/td>\n<td>130 mm<\/td>\n<\/tr>\n<tr>\n<td><strong>Tailstock Quill Diameter<\/strong><\/td>\n<td>\u00f8 60 mm<\/td>\n<\/tr>\n<tr>\n<td><strong>Taper in Tailstock Quill<\/strong><\/td>\n<td>M.T. No.4<\/td>\n<\/tr>\n<tr>\n<td><strong>Spindle Drive Motor<\/strong><\/td>\n<td>5.5 kW (7.5 HP) 3PH<\/td>\n<\/tr>\n<tr>\n<td><strong>Coolant Pump Motor<\/strong><\/td>\n<td>0.1 kW (1\/8 HP)<\/td>\n<\/tr>\n<tr>\n<td><strong>Machine Space Required<\/strong><\/td>\n<td>275 \u00d7 108 \u00d7 140 cm<\/td>\n<\/tr>\n<tr>\n<td><strong>Packing Case Dimensions<\/strong><\/td>\n<td>280 \u00d7 112 \u00d7 157 cm<\/td>\n<\/tr>\n<tr>\n<td><strong>Net Weight \/ Gross Weight<\/strong><\/td>\n<td>1875 \/ 2180 kg<\/td>\n<\/tr>\n<\/table>\n","protected":false},"excerpt":{"rendered":"<p>Specifications Model 510S\u00d71500 Swing Over Bed \u00f8 510 mm Swing Over Cross Slide \u00f8 320 mm Swing in Gap Diameter 740 \u00d7 165 mm Height of Center 255 mm Distance Between Center 1500 mm Width of Bed 300 mm Cutting Tool Max. Section 25 \u00d7 25 mm Total Travel of Cross Slide 285 mm Total [&hellip;]<\/p>\n","protected":false},"featured_media":3036,"template":"","meta":{"_acf_changed":false,"site-sidebar-layout":"default","site-content-layout":"","ast-site-content-layout":"default","site-content-style":"default","site-sidebar-style":"default","ast-global-header-display":"","ast-banner-title-visibility":"","ast-main-header-display":"","ast-hfb-above-header-display":"","ast-hfb-below-header-display":"","ast-hfb-mobile-header-display":"","site-post-title":"","ast-breadcrumbs-content":"","ast-featured-img":"","footer-sml-layout":"","ast-disable-related-posts":"","theme-transparent-header-meta":"default","adv-header-id-meta":"","stick-header-meta":"default","header-above-stick-meta":"","header-main-stick-meta":"","header-below-stick-meta":"","astra-migrate-meta-layouts":"default","ast-page-background-enabled":"default","ast-page-background-meta":{"desktop":{"background-color":"var(--ast-global-color-4)","background-image":"","background-repeat":"repeat","background-position":"center center","background-size":"auto","background-attachment":"scroll","background-type":"","background-media":"","overlay-type":"","overlay-color":"","overlay-opacity":"","overlay-gradient":""},"tablet":{"background-color":"","background-image":"","background-repeat":"repeat","background-position":"center center","background-size":"auto","background-attachment":"scroll","background-type":"","background-media":"","overlay-type":"","overlay-color":"","overlay-opacity":"","overlay-gradient":""},"mobile":{"background-color":"","background-image":"","background-repeat":"repeat","background-position":"center center","background-size":"auto","background-attachment":"scroll","background-type":"","background-media":"","overlay-type":"","overlay-color":"","overlay-opacity":"","overlay-gradient":""}},"ast-content-background-meta":{"desktop":{"background-color":"var(--ast-global-color-5)","background-image":"","background-repeat":"repeat","background-position":"center center","background-size":"auto","background-attachment":"scroll","background-type":"","background-media":"","overlay-type":"","overlay-color":"","overlay-opacity":"","overlay-gradient":""},"tablet":{"background-color":"var(--ast-global-color-5)","background-image":"","background-repeat":"repeat","background-position":"center center","background-size":"auto","background-attachment":"scroll","background-type":"","background-media":"","overlay-type":"","overlay-color":"","overlay-opacity":"","overlay-gradient":""},"mobile":{"background-color":"var(--ast-global-color-5)","background-image":"","background-repeat":"repeat","background-position":"center center","background-size":"auto","background-attachment":"scroll","background-type":"","background-media":"","overlay-type":"","overlay-color":"","overlay-opacity":"","overlay-gradient":""}}},"product_brand":[],"product_cat":[320,147],"product_tag":[],"class_list":{"0":"post-2649","1":"product","2":"type-product","3":"status-publish","4":"has-post-thumbnail","6":"product_cat-510sx1500","7":"product_cat-lathe","8":"desktop-align-left","9":"tablet-align-left","10":"mobile-align-left","11":"ast-product-gallery-layout-horizontal-slider","12":"ast-product-gallery-with-no-image","13":"ast-product-tabs-layout-horizontal","15":"first","16":"instock","17":"shipping-taxable","18":"product-type-simple"},"acf":[],"_links":{"self":[{"href":"https:\/\/idda.co.th\/en\/wp-json\/wp\/v2\/product\/2649","targetHints":{"allow":["GET"]}}],"collection":[{"href":"https:\/\/idda.co.th\/en\/wp-json\/wp\/v2\/product"}],"about":[{"href":"https:\/\/idda.co.th\/en\/wp-json\/wp\/v2\/types\/product"}],"wp:featuredmedia":[{"embeddable":true,"href":"https:\/\/idda.co.th\/en\/wp-json\/wp\/v2\/media\/3036"}],"wp:attachment":[{"href":"https:\/\/idda.co.th\/en\/wp-json\/wp\/v2\/media?parent=2649"}],"wp:term":[{"taxonomy":"product_brand","embeddable":true,"href":"https:\/\/idda.co.th\/en\/wp-json\/wp\/v2\/product_brand?post=2649"},{"taxonomy":"product_cat","embeddable":true,"href":"https:\/\/idda.co.th\/en\/wp-json\/wp\/v2\/product_cat?post=2649"},{"taxonomy":"product_tag","embeddable":true,"href":"https:\/\/idda.co.th\/en\/wp-json\/wp\/v2\/product_tag?post=2649"}],"curies":[{"name":"wp","href":"https:\/\/api.w.org\/{rel}","templated":true}]}}