{"id":2573,"date":"2025-10-16T15:59:22","date_gmt":"2025-10-16T08:59:22","guid":{"rendered":"https:\/\/idda.co.th\/product\/hf-70\/"},"modified":"2026-03-24T13:18:22","modified_gmt":"2026-03-24T06:18:22","slug":"hf-70","status":"publish","type":"product","link":"https:\/\/idda.co.th\/en\/product\/hf-70\/","title":{"rendered":"HF-70"},"content":{"rendered":"<h3 class=\"section-title\">Specifications<\/h3>\n<table class=\"spec-table\">\n<tr>\n<td><strong>Model<\/strong><\/td>\n<td>HF-70<\/td>\n<\/tr>\n<tr>\n<td><strong>Table Size<\/strong><\/td>\n<td>900 \u00d7 500 mm<\/td>\n<\/tr>\n<tr>\n<td><strong>X Y Z Stroke<\/strong><\/td>\n<td>700 \u00d7 400 \u00d7 300 mm<\/td>\n<\/tr>\n<tr>\n<td><strong>Work Slot (L*W*H)<\/strong><\/td>\n<td>1400 \u00d7 820 \u00d7 490 mm<\/td>\n<\/tr>\n<tr>\n<td><strong>Max. Liquid Level <\/strong><\/td>\n<td>300 mm<\/td>\n<\/tr>\n<tr>\n<td><strong>Max. Electrode Loading <\/strong><\/td>\n<td>80 kg<\/td>\n<\/tr>\n<tr>\n<td><strong>Max. Table Loading <\/strong><\/td>\n<td>3000 kg<\/td>\n<\/tr>\n<tr>\n<td><strong>Distance From Plate Electrode to Work Table (Min\/Max)<\/strong><\/td>\n<td>480 \/ 780 mm<\/td>\n<\/tr>\n<tr>\n<td><strong>Tank Capacity<\/strong><\/td>\n<td>750 L<\/td>\n<\/tr>\n<tr>\n<td><strong>Filtration Precision<\/strong><\/td>\n<td>5 \u03bcm<\/td>\n<\/tr>\n<tr>\n<td><strong>N.W.<\/strong><\/td>\n<td>4000 kg<\/td>\n<\/tr>\n<tr>\n<td><strong>Machine Size<\/strong><\/td>\n<td>L2400 \u00d7 W 2400 \u00d7 H 2660 mm<\/td>\n<\/tr>\n<\/table>\n","protected":false},"excerpt":{"rendered":"<p>Specifications Model HF-70 Table Size 900 \u00d7 500 mm X Y Z Stroke 700 \u00d7 400 \u00d7 300 mm Work Slot (L*W*H) 1400 \u00d7 820 \u00d7 490 mm Max. Liquid Level 300 mm Max. Electrode Loading 80 kg Max. Table Loading 3000 kg Distance From Plate Electrode to Work Table (Min\/Max) 480 \/ 780 mm [&hellip;]<\/p>\n","protected":false},"featured_media":3020,"template":"","meta":{"_acf_changed":false,"site-sidebar-layout":"default","site-content-layout":"","ast-site-content-layout":"default","site-content-style":"default","site-sidebar-style":"default","ast-global-header-display":"","ast-banner-title-visibility":"","ast-main-header-display":"","ast-hfb-above-header-display":"","ast-hfb-below-header-display":"","ast-hfb-mobile-header-display":"","site-post-title":"","ast-breadcrumbs-content":"","ast-featured-img":"","footer-sml-layout":"","ast-disable-related-posts":"","theme-transparent-header-meta":"default","adv-header-id-meta":"","stick-header-meta":"default","header-above-stick-meta":"","header-main-stick-meta":"","header-below-stick-meta":"","astra-migrate-meta-layouts":"default","ast-page-background-enabled":"default","ast-page-background-meta":{"desktop":{"background-color":"var(--ast-global-color-4)","background-image":"","background-repeat":"repeat","background-position":"center center","background-size":"auto","background-attachment":"scroll","background-type":"","background-media":"","overlay-type":"","overlay-color":"","overlay-opacity":"","overlay-gradient":""},"tablet":{"background-color":"","background-image":"","background-repeat":"repeat","background-position":"center center","background-size":"auto","background-attachment":"scroll","background-type":"","background-media":"","overlay-type":"","overlay-color":"","overlay-opacity":"","overlay-gradient":""},"mobile":{"background-color":"","background-image":"","background-repeat":"repeat","background-position":"center center","background-size":"auto","background-attachment":"scroll","background-type":"","background-media":"","overlay-type":"","overlay-color":"","overlay-opacity":"","overlay-gradient":""}},"ast-content-background-meta":{"desktop":{"background-color":"var(--ast-global-color-5)","background-image":"","background-repeat":"repeat","background-position":"center center","background-size":"auto","background-attachment":"scroll","background-type":"","background-media":"","overlay-type":"","overlay-color":"","overlay-opacity":"","overlay-gradient":""},"tablet":{"background-color":"var(--ast-global-color-5)","background-image":"","background-repeat":"repeat","background-position":"center center","background-size":"auto","background-attachment":"scroll","background-type":"","background-media":"","overlay-type":"","overlay-color":"","overlay-opacity":"","overlay-gradient":""},"mobile":{"background-color":"var(--ast-global-color-5)","background-image":"","background-repeat":"repeat","background-position":"center center","background-size":"auto","background-attachment":"scroll","background-type":"","background-media":"","overlay-type":"","overlay-color":"","overlay-opacity":"","overlay-gradient":""}}},"product_brand":[],"product_cat":[106,161],"product_tag":[],"class_list":{"0":"post-2573","1":"product","2":"type-product","3":"status-publish","4":"has-post-thumbnail","6":"product_cat-cnc-edm","7":"product_cat-hf-70","8":"desktop-align-left","9":"tablet-align-left","10":"mobile-align-left","11":"ast-product-gallery-layout-horizontal-slider","12":"ast-product-gallery-with-no-image","13":"ast-product-tabs-layout-horizontal","15":"first","16":"instock","17":"shipping-taxable","18":"product-type-simple"},"acf":[],"_links":{"self":[{"href":"https:\/\/idda.co.th\/en\/wp-json\/wp\/v2\/product\/2573","targetHints":{"allow":["GET"]}}],"collection":[{"href":"https:\/\/idda.co.th\/en\/wp-json\/wp\/v2\/product"}],"about":[{"href":"https:\/\/idda.co.th\/en\/wp-json\/wp\/v2\/types\/product"}],"wp:featuredmedia":[{"embeddable":true,"href":"https:\/\/idda.co.th\/en\/wp-json\/wp\/v2\/media\/3020"}],"wp:attachment":[{"href":"https:\/\/idda.co.th\/en\/wp-json\/wp\/v2\/media?parent=2573"}],"wp:term":[{"taxonomy":"product_brand","embeddable":true,"href":"https:\/\/idda.co.th\/en\/wp-json\/wp\/v2\/product_brand?post=2573"},{"taxonomy":"product_cat","embeddable":true,"href":"https:\/\/idda.co.th\/en\/wp-json\/wp\/v2\/product_cat?post=2573"},{"taxonomy":"product_tag","embeddable":true,"href":"https:\/\/idda.co.th\/en\/wp-json\/wp\/v2\/product_tag?post=2573"}],"curies":[{"name":"wp","href":"https:\/\/api.w.org\/{rel}","templated":true}]}}