{"id":2559,"date":"2025-10-16T16:02:20","date_gmt":"2025-10-16T09:02:20","guid":{"rendered":"https:\/\/idda.co.th\/product\/hf-180\/"},"modified":"2026-03-25T10:01:19","modified_gmt":"2026-03-25T03:01:19","slug":"hf-180","status":"publish","type":"product","link":"https:\/\/idda.co.th\/en\/product\/hf-180\/","title":{"rendered":"HF-180"},"content":{"rendered":"<h3 class=\"section-title\">Specifications<\/h3>\n<table class=\"spec-table\">\n<tr>\n<td><strong>Model<\/strong><\/td>\n<td>HF-180<\/td>\n<\/tr>\n<tr>\n<td><strong>Table Size<\/strong><\/td>\n<td>2000 \u00d7 1000 mm<\/td>\n<\/tr>\n<tr>\n<td><strong>X Y Z Stroke<\/strong><\/td>\n<td>1000\/1000 \u00d7 700 \u00d7 500 mm<\/td>\n<\/tr>\n<tr>\n<td><strong>Work Slot (L*W*H)<\/strong><\/td>\n<td>3500 \u00d7 1750 \u00d7 850 mm<\/td>\n<\/tr>\n<tr>\n<td><strong>Max. liquid level<\/strong><\/td>\n<td>650 mm<\/td>\n<\/tr>\n<tr>\n<td><strong>Max. Electrode Loading<\/strong><\/td>\n<td>200 kg<\/td>\n<\/tr>\n<tr>\n<td><strong>Max. Table Loading<\/strong><\/td>\n<td>10000 kg<\/td>\n<\/tr>\n<tr>\n<td><strong>Distance From Plate Electrode to Work Table (Min\/Max)<\/strong><\/td>\n<td>750 \/ 1250 mm<\/td>\n<\/tr>\n<tr>\n<td><strong>Tank Capacity<\/strong><\/td>\n<td>4200 L<\/td>\n<\/tr>\n<tr>\n<td><strong>Filtration Precision<\/strong><\/td>\n<td>5 \u03bcm<\/td>\n<\/tr>\n<tr>\n<td><strong>N.W.<\/strong><\/td>\n<td>14000 kg<\/td>\n<\/tr>\n<tr>\n<td><strong>Machine Size<\/strong><\/td>\n<td>L4100 \u00d7 W 4600 \u00d7 H 3850 mm<\/td>\n<\/tr>\n<\/table>\n","protected":false},"excerpt":{"rendered":"<p>Specifications Model HF-180 Table Size 2000 \u00d7 1000 mm X Y Z Stroke 1000\/1000 \u00d7 700 \u00d7 500 mm Work Slot (L*W*H) 3500 \u00d7 1750 \u00d7 850 mm Max. liquid level 650 mm Max. Electrode Loading 200 kg Max. Table Loading 10000 kg Distance From Plate Electrode to Work Table (Min\/Max) 750 \/ 1250 mm [&hellip;]<\/p>\n","protected":false},"featured_media":3016,"template":"","meta":{"_acf_changed":false,"site-sidebar-layout":"default","site-content-layout":"","ast-site-content-layout":"default","site-content-style":"default","site-sidebar-style":"default","ast-global-header-display":"","ast-banner-title-visibility":"","ast-main-header-display":"","ast-hfb-above-header-display":"","ast-hfb-below-header-display":"","ast-hfb-mobile-header-display":"","site-post-title":"","ast-breadcrumbs-content":"","ast-featured-img":"","footer-sml-layout":"","ast-disable-related-posts":"","theme-transparent-header-meta":"default","adv-header-id-meta":"","stick-header-meta":"default","header-above-stick-meta":"","header-main-stick-meta":"","header-below-stick-meta":"","astra-migrate-meta-layouts":"set","ast-page-background-enabled":"default","ast-page-background-meta":{"desktop":{"background-color":"var(--ast-global-color-4)","background-image":"","background-repeat":"repeat","background-position":"center center","background-size":"auto","background-attachment":"scroll","background-type":"","background-media":"","overlay-type":"","overlay-color":"","overlay-opacity":"","overlay-gradient":""},"tablet":{"background-color":"","background-image":"","background-repeat":"repeat","background-position":"center center","background-size":"auto","background-attachment":"scroll","background-type":"","background-media":"","overlay-type":"","overlay-color":"","overlay-opacity":"","overlay-gradient":""},"mobile":{"background-color":"","background-image":"","background-repeat":"repeat","background-position":"center center","background-size":"auto","background-attachment":"scroll","background-type":"","background-media":"","overlay-type":"","overlay-color":"","overlay-opacity":"","overlay-gradient":""}},"ast-content-background-meta":{"desktop":{"background-color":"var(--ast-global-color-5)","background-image":"","background-repeat":"repeat","background-position":"center center","background-size":"auto","background-attachment":"scroll","background-type":"","background-media":"","overlay-type":"","overlay-color":"","overlay-opacity":"","overlay-gradient":""},"tablet":{"background-color":"var(--ast-global-color-5)","background-image":"","background-repeat":"repeat","background-position":"center center","background-size":"auto","background-attachment":"scroll","background-type":"","background-media":"","overlay-type":"","overlay-color":"","overlay-opacity":"","overlay-gradient":""},"mobile":{"background-color":"var(--ast-global-color-5)","background-image":"","background-repeat":"repeat","background-position":"center center","background-size":"auto","background-attachment":"scroll","background-type":"","background-media":"","overlay-type":"","overlay-color":"","overlay-opacity":"","overlay-gradient":""}}},"product_brand":[],"product_cat":[140,175],"product_tag":[],"class_list":{"0":"post-2559","1":"product","2":"type-product","3":"status-publish","4":"has-post-thumbnail","6":"product_cat-cnc-edm","7":"product_cat-hf-180","8":"desktop-align-left","9":"tablet-align-left","10":"mobile-align-left","11":"ast-product-gallery-layout-horizontal-slider","12":"ast-product-gallery-with-no-image","13":"ast-product-tabs-layout-horizontal","15":"first","16":"instock","17":"shipping-taxable","18":"product-type-simple"},"acf":[],"_links":{"self":[{"href":"https:\/\/idda.co.th\/en\/wp-json\/wp\/v2\/product\/2559","targetHints":{"allow":["GET"]}}],"collection":[{"href":"https:\/\/idda.co.th\/en\/wp-json\/wp\/v2\/product"}],"about":[{"href":"https:\/\/idda.co.th\/en\/wp-json\/wp\/v2\/types\/product"}],"wp:featuredmedia":[{"embeddable":true,"href":"https:\/\/idda.co.th\/en\/wp-json\/wp\/v2\/media\/3016"}],"wp:attachment":[{"href":"https:\/\/idda.co.th\/en\/wp-json\/wp\/v2\/media?parent=2559"}],"wp:term":[{"taxonomy":"product_brand","embeddable":true,"href":"https:\/\/idda.co.th\/en\/wp-json\/wp\/v2\/product_brand?post=2559"},{"taxonomy":"product_cat","embeddable":true,"href":"https:\/\/idda.co.th\/en\/wp-json\/wp\/v2\/product_cat?post=2559"},{"taxonomy":"product_tag","embeddable":true,"href":"https:\/\/idda.co.th\/en\/wp-json\/wp\/v2\/product_tag?post=2559"}],"curies":[{"name":"wp","href":"https:\/\/api.w.org\/{rel}","templated":true}]}}